{"id":142,"date":"2023-10-30T20:54:16","date_gmt":"2023-10-30T19:54:16","guid":{"rendered":"http:\/\/1142052-www.web.tornado-node.net\/alvdal-und-die-umgebung\/"},"modified":"2023-12-18T08:26:15","modified_gmt":"2023-12-18T07:26:15","slug":"alvdal-und-die-umgebung","status":"publish","type":"page","link":"https:\/\/gjeltenbrucamping.no\/de\/alvdal-und-die-umgebung\/","title":{"rendered":"Alvdal und die Umgebung"},"content":{"rendered":"<style>.wp-block-kadence-advancedheading.kt-adv-heading107_6ad47f-c5, .wp-block-kadence-advancedheading.kt-adv-heading107_6ad47f-c5[data-kb-block=\"kb-adv-heading107_6ad47f-c5\"]{font-size:3rem;font-style:normal;}.wp-block-kadence-advancedheading.kt-adv-heading107_6ad47f-c5 mark.kt-highlight, .wp-block-kadence-advancedheading.kt-adv-heading107_6ad47f-c5[data-kb-block=\"kb-adv-heading107_6ad47f-c5\"] mark.kt-highlight{font-style:normal;color:#f76a0c;-webkit-box-decoration-break:clone;box-decoration-break:clone;padding-top:0px;padding-right:0px;padding-bottom:0px;padding-left:0px;}.wp-block-kadence-advancedheading.kt-adv-heading107_6ad47f-c5 img.kb-inline-image, .wp-block-kadence-advancedheading.kt-adv-heading107_6ad47f-c5[data-kb-block=\"kb-adv-heading107_6ad47f-c5\"] img.kb-inline-image{width:150px;vertical-align:baseline;}<\/style>\n<h1 class=\"kt-adv-heading107_6ad47f-c5 wp-block-kadence-advancedheading\" data-kb-block=\"kb-adv-heading107_6ad47f-c5\">Alvdal und die Umgebung<\/h1>\n<style>.wp-block-kadence-advancedheading.kt-adv-heading107_20c667-91, .wp-block-kadence-advancedheading.kt-adv-heading107_20c667-91[data-kb-block=\"kb-adv-heading107_20c667-91\"]{font-size:1.3rem;font-style:normal;}.wp-block-kadence-advancedheading.kt-adv-heading107_20c667-91 mark.kt-highlight, .wp-block-kadence-advancedheading.kt-adv-heading107_20c667-91[data-kb-block=\"kb-adv-heading107_20c667-91\"] mark.kt-highlight{font-style:normal;color:#f76a0c;-webkit-box-decoration-break:clone;box-decoration-break:clone;padding-top:0px;padding-right:0px;padding-bottom:0px;padding-left:0px;}.wp-block-kadence-advancedheading.kt-adv-heading107_20c667-91 img.kb-inline-image, .wp-block-kadence-advancedheading.kt-adv-heading107_20c667-91[data-kb-block=\"kb-adv-heading107_20c667-91\"] img.kb-inline-image{width:150px;vertical-align:baseline;}<\/style>\n<p class=\"kt-adv-heading107_20c667-91 wp-block-kadence-advancedheading\" data-kb-block=\"kb-adv-heading107_20c667-91\">Alvdal ist ein gem\u00fctlicher Ort am Fu\u00dfe des Tronfjell. Die Bebauung erstreckt sich entlang der Flusst\u00e4ler von Folla und Gl\u00e5ma, die die beiden Hauptausflugsgebiete, \u00d8stkj\u00f8len und Alvdal Vestfjell, voneinander trennen. Am Zusammenfluss der Fl\u00fcsse befindet sich das Gemeindezentrum Steia. In dieser l\u00e4ndlichen Umgebung wuchs Kjell Aukrust auf. Die Kindheit hier inspirierte ihn zu dem \u00fcppigen Volkshumor, f\u00fcr den er so bekannt ist.    <\/p>\n\n<ul class=\"wp-block-list\">\n<li><a href=\"\" target=\"\" rel=\"noopener\"><strong>Aukrustsenteret<\/strong><\/a> \u2013 viele spannende Aktivit\u00e4ten. <\/li>\n\n\n\n<li><strong>Aukrustmonumentet<\/strong> \u2013 an der Kirche stehen Kjell, Solan und Ludvig und schauen \u00fcber das Dorf und hinunter auf Kjells Elternhaus, Storsteigen.<\/li>\n\n\n\n<li><strong>Husantunet<\/strong> \u2013 Eines der am besten erhaltenen Dorfmuseen des Landes mit 18 Reetdachh\u00e4usern, einige aus dem 17. Jahrhundert.<\/li>\n\n\n\n<li><a href=\"\" target=\"\" rel=\"noopener\"><strong>Tronfjellet<\/strong><\/a> \u2013 Stra\u00dfe bis zum Gipfel, 1666 Meter \u00fcber dem Meeresspiegel. Spannendes botanisches Gebiet. Fantastische Aussicht. Denkmal f\u00fcr den indischen Philosophen Baral.  <\/li>\n\n\n\n<li><strong>Einunndalen<\/strong> \u2013 Norwegens l\u00e4ngstes und vielleicht<br\/>sch\u00f6nstes Almdal. Lebendiges Almleben. <\/li>\n\n\n\n<li><strong>Alvdal Vestfjell<\/strong> -S\u00f8lndalen und Haustdalen sind ein Eldorado f\u00fcr Naturliebhaber und Ruhe suchende. Mehrere Almh\u00fctten, markierte Wanderwege (DNT), zahlreiche \u00dcbernachtungsm\u00f6glichkeiten. Der S\u00f8lnkletten, 1827 m \u00fcber dem Meeresspiegel, ist ein Erlebnis f\u00fcr sich.    <\/li>\n\n\n\n<li><strong>Jutulhogget<\/strong> &#8211; Die gr\u00f6\u00dfte Schlucht in Nordeuropa. Geformt w\u00e4hrend der letzten Eiszeit. Die Schlucht ist an der breitesten Stelle 500 m und 2,5 km lang. Die W\u00e4nde erreichen eine H\u00f6he von bis zu 240 m. Ein geologisch und botanisch interessantes Gebiet.    <\/li>\n\n\n\n<li><a rel=\"noopener\" href=\"\" target=\"\"><strong>R\u00f8ros<\/strong><\/a> &#8211; Tagesausflug in die Bergstadt. Die Bergbaustadt, die auf der UNESCO-Liste der am besten erhaltenen Kulturst\u00e4tten der Welt steht <\/li>\n<\/ul>\n<style>.wp-block-kadence-advancedheading.kt-adv-heading107_2e21c3-65, .wp-block-kadence-advancedheading.kt-adv-heading107_2e21c3-65[data-kb-block=\"kb-adv-heading107_2e21c3-65\"]{font-style:normal;}.wp-block-kadence-advancedheading.kt-adv-heading107_2e21c3-65 mark.kt-highlight, .wp-block-kadence-advancedheading.kt-adv-heading107_2e21c3-65[data-kb-block=\"kb-adv-heading107_2e21c3-65\"] mark.kt-highlight{font-style:normal;color:#f76a0c;-webkit-box-decoration-break:clone;box-decoration-break:clone;padding-top:0px;padding-right:0px;padding-bottom:0px;padding-left:0px;}.wp-block-kadence-advancedheading.kt-adv-heading107_2e21c3-65 img.kb-inline-image, .wp-block-kadence-advancedheading.kt-adv-heading107_2e21c3-65[data-kb-block=\"kb-adv-heading107_2e21c3-65\"] img.kb-inline-image{width:150px;vertical-align:baseline;}<\/style>\n<h2 class=\"kt-adv-heading107_2e21c3-65 wp-block-kadence-advancedheading\" data-kb-block=\"kb-adv-heading107_2e21c3-65\">Lesen Sie mehr \u00fcber Alvdal <\/h2>\n\n<ul class=\"wp-block-list\">\n<li><a href=\"http:\/\/www.opplevalvdal.no\/\" target=\"_blank\" rel=\"noreferrer noopener\">opplevalvdal.no<\/a><\/li>\n\n\n\n<li><a href=\"http:\/\/www.alvdalmiv.no\/\" target=\"_blank\" rel=\"noreferrer noopener\">Alvdal &#8211; Midt i v\u00e6la<\/a><\/li>\n\n\n\n<li><a rel=\"noreferrer noopener\" href=\"http:\/\/turforening.no\/\" target=\"_blank\">Alvdal Turforening<\/a><\/li>\n\n\n\n<li><a href=\"http:\/\/alvdal.kommune.no\/\" target=\"_blank\" rel=\"noreferrer noopener\">Alvdal kommune<\/a><\/li>\n\n\n\n<li><a rel=\"noreferrer noopener\" href=\"http:\/\/no.wikipedia.org\/wiki\/Alvdal\" target=\"_blank\">Wikipedia<\/a><\/li>\n<\/ul>\n\n<div style=\"height:50px\" aria-hidden=\"true\" class=\"wp-block-spacer\"><\/div>\n","protected":false},"excerpt":{"rendered":"<p>Alvdal und die Umgebung Alvdal ist ein gem\u00fctlicher Ort am Fu\u00dfe des Tronfjell. Die Bebauung erstreckt sich entlang der Flusst\u00e4ler von Folla und Gl\u00e5ma, die die beiden Hauptausflugsgebiete, \u00d8stkj\u00f8len und Alvdal Vestfjell, voneinander trennen. Am Zusammenfluss der Fl\u00fcsse befindet sich das Gemeindezentrum Steia. In dieser l\u00e4ndlichen Umgebung wuchs Kjell Aukrust auf. Die Kindheit hier inspirierte&#8230;<\/p>\n","protected":false},"author":1,"featured_media":0,"parent":0,"menu_order":0,"comment_status":"closed","ping_status":"closed","template":"","meta":{"inline_featured_image":false,"_kad_blocks_custom_css":"","_kad_blocks_head_custom_js":"","_kad_blocks_body_custom_js":"","_kad_blocks_footer_custom_js":"","_kad_post_transparent":"","_kad_post_title":"","_kad_post_layout":"","_kad_post_sidebar_id":"","_kad_post_content_style":"","_kad_post_vertical_padding":"","_kad_post_feature":"","_kad_post_feature_position":"","_kad_post_header":false,"_kad_post_footer":false,"_kad_post_classname":"","footnotes":""},"class_list":["post-142","page","type-page","status-publish","hentry"],"aioseo_notices":[],"taxonomy_info":[],"featured_image_src_large":false,"author_info":{"display_name":"hausbyra","author_link":"https:\/\/gjeltenbrucamping.no\/de\/author\/hausbyra\/"},"comment_info":0,"_links":{"self":[{"href":"https:\/\/gjeltenbrucamping.no\/de\/wp-json\/wp\/v2\/pages\/142","targetHints":{"allow":["GET"]}}],"collection":[{"href":"https:\/\/gjeltenbrucamping.no\/de\/wp-json\/wp\/v2\/pages"}],"about":[{"href":"https:\/\/gjeltenbrucamping.no\/de\/wp-json\/wp\/v2\/types\/page"}],"author":[{"embeddable":true,"href":"https:\/\/gjeltenbrucamping.no\/de\/wp-json\/wp\/v2\/users\/1"}],"replies":[{"embeddable":true,"href":"https:\/\/gjeltenbrucamping.no\/de\/wp-json\/wp\/v2\/comments?post=142"}],"version-history":[{"count":5,"href":"https:\/\/gjeltenbrucamping.no\/de\/wp-json\/wp\/v2\/pages\/142\/revisions"}],"predecessor-version":[{"id":524,"href":"https:\/\/gjeltenbrucamping.no\/de\/wp-json\/wp\/v2\/pages\/142\/revisions\/524"}],"wp:attachment":[{"href":"https:\/\/gjeltenbrucamping.no\/de\/wp-json\/wp\/v2\/media?parent=142"}],"curies":[{"name":"wp","href":"https:\/\/api.w.org\/{rel}","templated":true}]}}