{"id":144,"date":"2023-10-02T11:34:59","date_gmt":"2023-10-02T09:34:59","guid":{"rendered":"http:\/\/1142052-www.web.tornado-node.net\/ueber-uns\/"},"modified":"2023-11-28T12:30:50","modified_gmt":"2023-11-28T11:30:50","slug":"ueber-uns","status":"publish","type":"page","link":"https:\/\/gjeltenbrucamping.no\/de\/ueber-uns\/","title":{"rendered":"\u00dcber uns"},"content":{"rendered":"<style>.kadence-column144_b16d9c-3b > .kt-inside-inner-col{padding-top:var(--global-kb-spacing-md, 2rem);}.kadence-column144_b16d9c-3b > .kt-inside-inner-col,.kadence-column144_b16d9c-3b > .kt-inside-inner-col:before{border-top-left-radius:0px;border-top-right-radius:0px;border-bottom-right-radius:0px;border-bottom-left-radius:0px;}.kadence-column144_b16d9c-3b > .kt-inside-inner-col{column-gap:var(--global-kb-gap-sm, 1rem);}.kadence-column144_b16d9c-3b > .kt-inside-inner-col{flex-direction:column;}.kadence-column144_b16d9c-3b > .kt-inside-inner-col > .aligncenter{width:100%;}.kadence-column144_b16d9c-3b > .kt-inside-inner-col:before{opacity:0.3;}.kadence-column144_b16d9c-3b{position:relative;}@media all and (max-width: 1024px){.kadence-column144_b16d9c-3b > .kt-inside-inner-col{flex-direction:column;justify-content:center;}}@media all and (max-width: 767px){.kadence-column144_b16d9c-3b > .kt-inside-inner-col{padding-right:var(--global-kb-spacing-sm, 1.5rem);flex-direction:column;justify-content:center;}}<\/style>\n<div class=\"wp-block-kadence-column kadence-column144_b16d9c-3b alignwide\"><div class=\"kt-inside-inner-col\"><style>.kb-image144_11100d-85.kb-image-is-ratio-size, .kb-image144_11100d-85 .kb-image-is-ratio-size{max-width:204px;width:100%;}.wp-block-kadence-column > .kt-inside-inner-col > .kb-image144_11100d-85.kb-image-is-ratio-size, .wp-block-kadence-column > .kt-inside-inner-col > .kb-image144_11100d-85 .kb-image-is-ratio-size{align-self:unset;}.kb-image144_11100d-85 figure{max-width:204px;}.kb-image144_11100d-85 .image-is-svg, .kb-image144_11100d-85 .image-is-svg img{width:100%;}.kb-image144_11100d-85 .kb-image-has-overlay:after{opacity:0.3;}<\/style>\n<div class=\"wp-block-kadence-image kb-image144_11100d-85\"><figure class=\"alignright size-large image-is-svg\"><img decoding=\"async\" src=\"https:\/\/gjeltenbrucamping.no\/wp-content\/uploads\/2023\/11\/GjeltenBruCampingIkonFiske.svg\" alt=\"\" class=\"kb-img wp-image-174\"\/><\/figure><\/div>\n<\/div><\/div>\n\n\n<style>.kadence-column144_e3f09a-2f > .kt-inside-inner-col,.kadence-column144_e3f09a-2f > .kt-inside-inner-col:before{border-top-left-radius:0px;border-top-right-radius:0px;border-bottom-right-radius:0px;border-bottom-left-radius:0px;}.kadence-column144_e3f09a-2f > .kt-inside-inner-col{column-gap:var(--global-kb-gap-sm, 1rem);}.kadence-column144_e3f09a-2f > .kt-inside-inner-col{flex-direction:column;}.kadence-column144_e3f09a-2f > .kt-inside-inner-col > .aligncenter{width:100%;}.kadence-column144_e3f09a-2f > .kt-inside-inner-col:before{opacity:0.3;}.kadence-column144_e3f09a-2f{position:relative;}@media all and (max-width: 1024px){.kadence-column144_e3f09a-2f > .kt-inside-inner-col{flex-direction:column;justify-content:center;}}@media all and (max-width: 767px){.kadence-column144_e3f09a-2f > .kt-inside-inner-col{padding-right:var(--global-kb-spacing-sm, 1.5rem);padding-left:var(--global-kb-spacing-sm, 1.5rem);flex-direction:column;justify-content:center;}}<\/style>\n<div class=\"wp-block-kadence-column kadence-column144_e3f09a-2f alignwide\"><div class=\"kt-inside-inner-col\"><style>.kb-row-layout-id144_9eb806-4f > .kt-row-column-wrap{align-content:start;}:where(.kb-row-layout-id144_9eb806-4f > .kt-row-column-wrap) > .wp-block-kadence-column{justify-content:start;}.kb-row-layout-id144_9eb806-4f > .kt-row-column-wrap{column-gap:var(--global-kb-gap-md, 2rem);row-gap:var(--global-kb-gap-md, 2rem);padding-top:var(--global-kb-spacing-sm, 1.5rem);padding-bottom:var(--global-kb-spacing-sm, 1.5rem);grid-template-columns:repeat(2, minmax(0, 1fr));}.kb-row-layout-id144_9eb806-4f > .kt-row-layout-overlay{opacity:0.30;}@media all and (max-width: 1024px){.kb-row-layout-id144_9eb806-4f > .kt-row-column-wrap{grid-template-columns:repeat(2, minmax(0, 1fr));}}@media all and (max-width: 767px){.kb-row-layout-id144_9eb806-4f > .kt-row-column-wrap{grid-template-columns:minmax(0, 1fr);}}<\/style><div class=\"kb-row-layout-wrap kb-row-layout-id144_9eb806-4f alignnone wp-block-kadence-rowlayout\"><div class=\"kt-row-column-wrap kt-has-2-columns kt-row-layout-equal kt-tab-layout-inherit kt-mobile-layout-row kt-row-valign-top\">\n<style>.kadence-column144_b5debf-76 > .kt-inside-inner-col,.kadence-column144_b5debf-76 > .kt-inside-inner-col:before{border-top-left-radius:0px;border-top-right-radius:0px;border-bottom-right-radius:0px;border-bottom-left-radius:0px;}.kadence-column144_b5debf-76 > .kt-inside-inner-col{column-gap:var(--global-kb-gap-sm, 1rem);}.kadence-column144_b5debf-76 > .kt-inside-inner-col{flex-direction:column;}.kadence-column144_b5debf-76 > .kt-inside-inner-col > .aligncenter{width:100%;}.kadence-column144_b5debf-76 > .kt-inside-inner-col:before{opacity:0.3;}.kadence-column144_b5debf-76{position:relative;}@media all and (max-width: 1024px){.kadence-column144_b5debf-76 > .kt-inside-inner-col{flex-direction:column;justify-content:center;}}@media all and (max-width: 767px){.kadence-column144_b5debf-76 > .kt-inside-inner-col{flex-direction:column;justify-content:center;}}<\/style>\n<div class=\"wp-block-kadence-column kadence-column144_b5debf-76\"><div class=\"kt-inside-inner-col\"><style>.wp-block-kadence-advancedheading.kt-adv-heading144_35b2f3-cd, .wp-block-kadence-advancedheading.kt-adv-heading144_35b2f3-cd[data-kb-block=\"kb-adv-heading144_35b2f3-cd\"]{font-size:3rem;font-style:normal;}.wp-block-kadence-advancedheading.kt-adv-heading144_35b2f3-cd mark.kt-highlight, .wp-block-kadence-advancedheading.kt-adv-heading144_35b2f3-cd[data-kb-block=\"kb-adv-heading144_35b2f3-cd\"] mark.kt-highlight{font-style:normal;color:#f76a0c;-webkit-box-decoration-break:clone;box-decoration-break:clone;padding-top:0px;padding-right:0px;padding-bottom:0px;padding-left:0px;}.wp-block-kadence-advancedheading.kt-adv-heading144_35b2f3-cd img.kb-inline-image, .wp-block-kadence-advancedheading.kt-adv-heading144_35b2f3-cd[data-kb-block=\"kb-adv-heading144_35b2f3-cd\"] img.kb-inline-image{width:150px;vertical-align:baseline;}<\/style>\n<h1 class=\"kt-adv-heading144_35b2f3-cd wp-block-kadence-advancedheading\" data-kb-block=\"kb-adv-heading144_35b2f3-cd\">\u00dcber uns<\/h1>\n\n\n<style>.wp-block-kadence-advancedheading.kt-adv-heading144_b0ce97-b0, .wp-block-kadence-advancedheading.kt-adv-heading144_b0ce97-b0[data-kb-block=\"kb-adv-heading144_b0ce97-b0\"]{font-size:1.3rem;font-style:normal;}.wp-block-kadence-advancedheading.kt-adv-heading144_b0ce97-b0 mark.kt-highlight, .wp-block-kadence-advancedheading.kt-adv-heading144_b0ce97-b0[data-kb-block=\"kb-adv-heading144_b0ce97-b0\"] mark.kt-highlight{font-style:normal;color:#f76a0c;-webkit-box-decoration-break:clone;box-decoration-break:clone;padding-top:0px;padding-right:0px;padding-bottom:0px;padding-left:0px;}.wp-block-kadence-advancedheading.kt-adv-heading144_b0ce97-b0 img.kb-inline-image, .wp-block-kadence-advancedheading.kt-adv-heading144_b0ce97-b0[data-kb-block=\"kb-adv-heading144_b0ce97-b0\"] img.kb-inline-image{width:150px;vertical-align:baseline;}<\/style>\n<p class=\"kt-adv-heading144_b0ce97-b0 wp-block-kadence-advancedheading\" data-kb-block=\"kb-adv-heading144_b0ce97-b0\">Gjelten Bru Camping liegt malerisch am Fluss Folla in Alvdal. Ein ruhiger und familienfreundlicher Campingplatz mit langer Tradition. <\/p>\n\n\n<style>.wp-block-kadence-advancedheading.kt-adv-heading144_fbbc2b-bc, .wp-block-kadence-advancedheading.kt-adv-heading144_fbbc2b-bc[data-kb-block=\"kb-adv-heading144_fbbc2b-bc\"]{font-style:normal;}.wp-block-kadence-advancedheading.kt-adv-heading144_fbbc2b-bc mark.kt-highlight, .wp-block-kadence-advancedheading.kt-adv-heading144_fbbc2b-bc[data-kb-block=\"kb-adv-heading144_fbbc2b-bc\"] mark.kt-highlight{font-style:normal;color:#f76a0c;-webkit-box-decoration-break:clone;box-decoration-break:clone;padding-top:0px;padding-right:0px;padding-bottom:0px;padding-left:0px;}.wp-block-kadence-advancedheading.kt-adv-heading144_fbbc2b-bc img.kb-inline-image, .wp-block-kadence-advancedheading.kt-adv-heading144_fbbc2b-bc[data-kb-block=\"kb-adv-heading144_fbbc2b-bc\"] img.kb-inline-image{width:150px;vertical-align:baseline;}<\/style>\n<p class=\"kt-adv-heading144_fbbc2b-bc wp-block-kadence-advancedheading\" data-kb-block=\"kb-adv-heading144_fbbc2b-bc\">Der Fremdenverkehrsverein Alvdal begann den Campingplatz im Jahr 1959, damals gab es jedoch nur Zeltpl\u00e4tze.<\/p>\n\n\n<style>.wp-block-kadence-advancedheading.kt-adv-heading144_8ff3c0-a4, .wp-block-kadence-advancedheading.kt-adv-heading144_8ff3c0-a4[data-kb-block=\"kb-adv-heading144_8ff3c0-a4\"]{font-style:normal;}.wp-block-kadence-advancedheading.kt-adv-heading144_8ff3c0-a4 mark.kt-highlight, .wp-block-kadence-advancedheading.kt-adv-heading144_8ff3c0-a4[data-kb-block=\"kb-adv-heading144_8ff3c0-a4\"] mark.kt-highlight{font-style:normal;color:#f76a0c;-webkit-box-decoration-break:clone;box-decoration-break:clone;padding-top:0px;padding-right:0px;padding-bottom:0px;padding-left:0px;}.wp-block-kadence-advancedheading.kt-adv-heading144_8ff3c0-a4 img.kb-inline-image, .wp-block-kadence-advancedheading.kt-adv-heading144_8ff3c0-a4[data-kb-block=\"kb-adv-heading144_8ff3c0-a4\"] img.kb-inline-image{width:150px;vertical-align:baseline;}<\/style>\n<p class=\"kt-adv-heading144_8ff3c0-a4 wp-block-kadence-advancedheading\" data-kb-block=\"kb-adv-heading144_8ff3c0-a4\">Nils D\u00e6hlie \u00fcbernahm den Campingplatz im Jahr 1962 und f\u00fchrte ihn zusammen mit seinem Gesch\u00e4ft auf der anderen Seite des Flusses Folla. Im Laufe der Zeit errichtete er 11 H\u00fctten und eine Sanit\u00e4ranlage.  <\/p>\n\n\n<style>.wp-block-kadence-advancedheading.kt-adv-heading144_0850a6-fd, .wp-block-kadence-advancedheading.kt-adv-heading144_0850a6-fd[data-kb-block=\"kb-adv-heading144_0850a6-fd\"]{font-style:normal;}.wp-block-kadence-advancedheading.kt-adv-heading144_0850a6-fd mark.kt-highlight, .wp-block-kadence-advancedheading.kt-adv-heading144_0850a6-fd[data-kb-block=\"kb-adv-heading144_0850a6-fd\"] mark.kt-highlight{font-style:normal;color:#f76a0c;-webkit-box-decoration-break:clone;box-decoration-break:clone;padding-top:0px;padding-right:0px;padding-bottom:0px;padding-left:0px;}.wp-block-kadence-advancedheading.kt-adv-heading144_0850a6-fd img.kb-inline-image, .wp-block-kadence-advancedheading.kt-adv-heading144_0850a6-fd[data-kb-block=\"kb-adv-heading144_0850a6-fd\"] img.kb-inline-image{width:150px;vertical-align:baseline;}<\/style>\n<p class=\"kt-adv-heading144_0850a6-fd wp-block-kadence-advancedheading\" data-kb-block=\"kb-adv-heading144_0850a6-fd\">Oddbj\u00f8rn D\u00e6hlie \u00fcbernahm den Campingplatz von seinem Vater, Nils, im Jahr 1992 und modernisierte den Campingplatz mit zus\u00e4tzlichen H\u00fctten und einer neuen Sanit\u00e4ranlage. <\/p>\n\n\n<style>.wp-block-kadence-advancedheading.kt-adv-heading144_e0914f-f5, .wp-block-kadence-advancedheading.kt-adv-heading144_e0914f-f5[data-kb-block=\"kb-adv-heading144_e0914f-f5\"]{font-style:normal;}.wp-block-kadence-advancedheading.kt-adv-heading144_e0914f-f5 mark.kt-highlight, .wp-block-kadence-advancedheading.kt-adv-heading144_e0914f-f5[data-kb-block=\"kb-adv-heading144_e0914f-f5\"] mark.kt-highlight{font-style:normal;color:#f76a0c;-webkit-box-decoration-break:clone;box-decoration-break:clone;padding-top:0px;padding-right:0px;padding-bottom:0px;padding-left:0px;}.wp-block-kadence-advancedheading.kt-adv-heading144_e0914f-f5 img.kb-inline-image, .wp-block-kadence-advancedheading.kt-adv-heading144_e0914f-f5[data-kb-block=\"kb-adv-heading144_e0914f-f5\"] img.kb-inline-image{width:150px;vertical-align:baseline;}<\/style>\n<p class=\"kt-adv-heading144_e0914f-f5 wp-block-kadence-advancedheading\" data-kb-block=\"kb-adv-heading144_e0914f-f5\">Das Gebiet, auf dem sich der Campingplatz befindet, geh\u00f6rte die ganze Zeit Tver\u00e5en und wurde jeweils an den Fremdenverkehrsverein und die Familie D\u00e6hlie vermietet. Anders Tver\u00e5en \u00fcbernahm den Campingplatz im Jahr 2020, als D\u00e6hlie in den Ruhestand ging.  <\/p>\n<\/div><\/div>\n\n\n<style>.kadence-column144_f11d18-41 > .kt-inside-inner-col,.kadence-column144_f11d18-41 > .kt-inside-inner-col:before{border-top-left-radius:0px;border-top-right-radius:0px;border-bottom-right-radius:0px;border-bottom-left-radius:0px;}.kadence-column144_f11d18-41 > .kt-inside-inner-col{column-gap:var(--global-kb-gap-sm, 1rem);}.kadence-column144_f11d18-41 > .kt-inside-inner-col{flex-direction:column;}.kadence-column144_f11d18-41 > .kt-inside-inner-col > .aligncenter{width:100%;}.kadence-column144_f11d18-41 > .kt-inside-inner-col:before{opacity:0.3;}.kadence-column144_f11d18-41{position:relative;}@media all and (max-width: 1024px){.kadence-column144_f11d18-41 > .kt-inside-inner-col{flex-direction:column;justify-content:center;}}@media all and (max-width: 767px){.kadence-column144_f11d18-41 > .kt-inside-inner-col{flex-direction:column;justify-content:center;}}<\/style>\n<div class=\"wp-block-kadence-column kadence-column144_f11d18-41\"><div class=\"kt-inside-inner-col\"><style>.kadence-column144_60fb06-63 > .kt-inside-inner-col,.kadence-column144_60fb06-63 > .kt-inside-inner-col:before{border-top-left-radius:0px;border-top-right-radius:0px;border-bottom-right-radius:0px;border-bottom-left-radius:0px;}.kadence-column144_60fb06-63 > .kt-inside-inner-col{column-gap:var(--global-kb-gap-sm, 1rem);}.kadence-column144_60fb06-63 > .kt-inside-inner-col{flex-direction:column;}.kadence-column144_60fb06-63 > .kt-inside-inner-col > .aligncenter{width:100%;}.kadence-column144_60fb06-63 > .kt-inside-inner-col:before{opacity:0.3;}.kadence-column144_60fb06-63{position:relative;}@media all and (max-width: 1024px){.kadence-column144_60fb06-63 > .kt-inside-inner-col{flex-direction:column;justify-content:center;}}@media all and (max-width: 767px){.kadence-column144_60fb06-63 > .kt-inside-inner-col{flex-direction:column;justify-content:center;}}<\/style>\n<div class=\"wp-block-kadence-column kadence-column144_60fb06-63\"><div class=\"kt-inside-inner-col\">\n<div style=\"height:50px\" aria-hidden=\"true\" class=\"wp-block-spacer\"><\/div>\n\n\n<style>.kb-gallery-id-144_2cfc97-42 .kadence-blocks-gallery-item .kb-gal-image-radius, .kb-gallery-id-144_2cfc97-42 .kb-slide-item .kb-gal-image-radius img{border-radius:0px 0px 0px 0px;;}.kb-gallery-id-144_2cfc97-42 .kadence-blocks-gallery-item .kadence-blocks-gallery-item-inner .kadence-blocks-gallery-item__caption{color:#27292d;}.kb-gallery-caption-style-cover-hover.kb-gallery-id-144_2cfc97-42 .kadence-blocks-gallery-item .kadence-blocks-gallery-item-inner .kadence-blocks-gallery-item__caption, .kb-gallery-caption-style-below.kb-gallery-id-144_2cfc97-42 .kadence-blocks-gallery-item .kadence-blocks-gallery-item-inner .kadence-blocks-gallery-item__caption{background:rgba(255, 255, 255, 0.5);}.kb-gallery-wrap-id-144_2cfc97-42.wp-block-kadence-advancedgallery{overflow:visible;}.kb-gallery-wrap-id-144_2cfc97-42.wp-block-kadence-advancedgallery .kt-blocks-carousel{overflow:visible;}<\/style><div class=\"kb-gallery-wrap-id-144_2cfc97-42 alignnone wp-block-kadence-advancedgallery\"><div class=\"kb-gallery-ul kb-gallery-non-static kb-gallery-type-slider kb-gallery-id-144_2cfc97-42 kb-gallery-caption-style-below kb-gallery-filter-none\" data-image-filter=\"none\" data-lightbox-caption=\"true\"><div class=\"kt-blocks-carousel splide kt-carousel-container-dotstyle-dark kt-carousel-arrowstyle-whiteondark kt-carousel-dotstyle-dark kb-slider-group-arrow kb-slider-arrow-position-center\" data-slider-anim-speed=\"400\" data-slider-scroll=\"1\" data-slider-arrows=\"true\" data-slider-fade=\"true\" data-slider-dots=\"true\" data-slider-type=\"slider\" data-slider-hover-pause=\"false\" data-slider-auto=\"\" data-slider-speed=\"7000\" data-show-pause-button=\"false\"><div class=\"splide__track\"><ul class=\"kt-blocks-carousel-init kb-blocks-slider splide__list\"><li class=\"kb-slide-item kb-gallery-slide-item splide__slide\"><div class=\"kadence-blocks-gallery-item\"><div class=\"kadence-blocks-gallery-item-inner\"><figure class=\"kb-gallery-figure kadence-blocks-gallery-item-has-caption\"><div class=\"kb-gal-image-radius\"><div class=\"kb-gallery-image-contain kadence-blocks-gallery-intrinsic kb-gallery-image-ratio-land32 kb-has-image-ratio-land32\" ><img loading=\"lazy\" decoding=\"async\" src=\"https:\/\/gjeltenbrucamping.no\/wp-content\/uploads\/2023\/10\/0331vy8Wkqzb.jpeg\" width=\"766\" height=\"534\" alt=\"\" data-full-image=\"https:\/\/gjeltenbrucamping.no\/wp-content\/uploads\/2023\/10\/0331vy8Wkqzb.jpeg\" data-light-image=\"https:\/\/gjeltenbrucamping.no\/wp-content\/uploads\/2023\/10\/0331vy8Wkqzb.jpeg\" data-id=\"38\" class=\"wp-image-38 skip-lazy\" srcset=\"https:\/\/gjeltenbrucamping.no\/wp-content\/uploads\/2023\/10\/0331vy8Wkqzb.jpeg 766w, https:\/\/gjeltenbrucamping.no\/wp-content\/uploads\/2023\/10\/0331vy8Wkqzb-300x209.jpeg 300w\" sizes=\"auto, (max-width: 766px) 100vw, 766px\" \/><\/div><\/div><figcaption class=\"kadence-blocks-gallery-item__caption\">Fotograf: Nyeggen<\/figcaption><\/figure><\/div><\/div><\/li><li class=\"kb-slide-item kb-gallery-slide-item splide__slide\"><div class=\"kadence-blocks-gallery-item\"><div class=\"kadence-blocks-gallery-item-inner\"><figure class=\"kb-gallery-figure kadence-blocks-gallery-item-has-caption\"><div class=\"kb-gal-image-radius\"><div class=\"kb-gallery-image-contain kadence-blocks-gallery-intrinsic kb-gallery-image-ratio-land32 kb-has-image-ratio-land32\" ><img loading=\"lazy\" decoding=\"async\" src=\"https:\/\/gjeltenbrucamping.no\/wp-content\/uploads\/2023\/10\/Screenshot_20230919_121116_Gallery-1024x678.jpg\" width=\"1024\" height=\"678\" alt=\"\" data-full-image=\"https:\/\/gjeltenbrucamping.no\/wp-content\/uploads\/2023\/10\/Screenshot_20230919_121116_Gallery.jpg\" data-light-image=\"https:\/\/gjeltenbrucamping.no\/wp-content\/uploads\/2023\/10\/Screenshot_20230919_121116_Gallery.jpg\" data-id=\"50\" class=\"wp-image-50 skip-lazy\" srcset=\"https:\/\/gjeltenbrucamping.no\/wp-content\/uploads\/2023\/10\/Screenshot_20230919_121116_Gallery-1024x678.jpg 1024w, https:\/\/gjeltenbrucamping.no\/wp-content\/uploads\/2023\/10\/Screenshot_20230919_121116_Gallery-300x199.jpg 300w, https:\/\/gjeltenbrucamping.no\/wp-content\/uploads\/2023\/10\/Screenshot_20230919_121116_Gallery-768x509.jpg 768w, https:\/\/gjeltenbrucamping.no\/wp-content\/uploads\/2023\/10\/Screenshot_20230919_121116_Gallery-1536x1017.jpg 1536w, https:\/\/gjeltenbrucamping.no\/wp-content\/uploads\/2023\/10\/Screenshot_20230919_121116_Gallery.jpg 1620w\" sizes=\"auto, (max-width: 1024px) 100vw, 1024px\" \/><\/div><\/div><figcaption class=\"kadence-blocks-gallery-item__caption\">Fotograf: Nyeggen<\/figcaption><\/figure><\/div><\/div><\/li><\/ul><\/div><\/div><\/div><\/div><\/div><\/div>\n<\/div><\/div>\n\n<\/div><\/div><\/div><\/div>\n\n\n<style>.kadence-column144_2ab121-ca > .kt-inside-inner-col{padding-top:var(--global-kb-spacing-md, 2rem);}.kadence-column144_2ab121-ca > .kt-inside-inner-col,.kadence-column144_2ab121-ca > .kt-inside-inner-col:before{border-top-left-radius:0px;border-top-right-radius:0px;border-bottom-right-radius:0px;border-bottom-left-radius:0px;}.kadence-column144_2ab121-ca > .kt-inside-inner-col{column-gap:var(--global-kb-gap-sm, 1rem);}.kadence-column144_2ab121-ca > .kt-inside-inner-col{flex-direction:column;}.kadence-column144_2ab121-ca > .kt-inside-inner-col > .aligncenter{width:100%;}.kadence-column144_2ab121-ca > .kt-inside-inner-col:before{opacity:0.3;}.kadence-column144_2ab121-ca{position:relative;}@media all and (max-width: 1024px){.kadence-column144_2ab121-ca > .kt-inside-inner-col{flex-direction:column;justify-content:center;}}@media all and (max-width: 767px){.kadence-column144_2ab121-ca > .kt-inside-inner-col{padding-left:var(--global-kb-spacing-sm, 1.5rem);flex-direction:column;justify-content:center;}}<\/style>\n<div class=\"wp-block-kadence-column kadence-column144_2ab121-ca alignwide\"><div class=\"kt-inside-inner-col\"><style>.kb-image144_518cd4-a7.kb-image-is-ratio-size, .kb-image144_518cd4-a7 .kb-image-is-ratio-size{max-width:60px;width:100%;}.wp-block-kadence-column > .kt-inside-inner-col > .kb-image144_518cd4-a7.kb-image-is-ratio-size, .wp-block-kadence-column > .kt-inside-inner-col > .kb-image144_518cd4-a7 .kb-image-is-ratio-size{align-self:unset;}.kb-image144_518cd4-a7{max-width:60px;}.image-is-svg.kb-image144_518cd4-a7{-webkit-flex:0 1 100%;flex:0 1 100%;}.image-is-svg.kb-image144_518cd4-a7 img{width:100%;}.kb-image144_518cd4-a7 .kb-image-has-overlay:after{opacity:0.3;}<\/style>\n<figure class=\"wp-block-kadence-image kb-image144_518cd4-a7 size-large image-is-svg\"><img decoding=\"async\" src=\"https:\/\/gjeltenbrucamping.no\/wp-content\/uploads\/2023\/11\/GjeltenBruCampingIkonTre.svg\" alt=\"\" class=\"kb-img wp-image-180\"\/><\/figure>\n<\/div><\/div>\n","protected":false},"excerpt":{"rendered":"<p>\u00dcber uns Gjelten Bru Camping liegt malerisch am Fluss Folla in Alvdal. Ein ruhiger und familienfreundlicher Campingplatz mit langer Tradition. Der Fremdenverkehrsverein Alvdal begann den Campingplatz im Jahr 1959, damals gab es jedoch nur Zeltpl\u00e4tze. Nils D\u00e6hlie \u00fcbernahm den Campingplatz im Jahr 1962 und f\u00fchrte ihn zusammen mit seinem Gesch\u00e4ft auf der anderen Seite des&#8230;<\/p>\n","protected":false},"author":1,"featured_media":0,"parent":0,"menu_order":0,"comment_status":"closed","ping_status":"closed","template":"","meta":{"inline_featured_image":false,"_kad_blocks_custom_css":"","_kad_blocks_head_custom_js":"","_kad_blocks_body_custom_js":"","_kad_blocks_footer_custom_js":"","_kad_post_transparent":"","_kad_post_title":"","_kad_post_layout":"","_kad_post_sidebar_id":"","_kad_post_content_style":"","_kad_post_vertical_padding":"","_kad_post_feature":"","_kad_post_feature_position":"","_kad_post_header":false,"_kad_post_footer":false,"_kad_post_classname":"","footnotes":""},"class_list":["post-144","page","type-page","status-publish","hentry"],"aioseo_notices":[],"taxonomy_info":[],"featured_image_src_large":false,"author_info":{"display_name":"hausbyra","author_link":"https:\/\/gjeltenbrucamping.no\/de\/author\/hausbyra\/"},"comment_info":0,"_links":{"self":[{"href":"https:\/\/gjeltenbrucamping.no\/de\/wp-json\/wp\/v2\/pages\/144","targetHints":{"allow":["GET"]}}],"collection":[{"href":"https:\/\/gjeltenbrucamping.no\/de\/wp-json\/wp\/v2\/pages"}],"about":[{"href":"https:\/\/gjeltenbrucamping.no\/de\/wp-json\/wp\/v2\/types\/page"}],"author":[{"embeddable":true,"href":"https:\/\/gjeltenbrucamping.no\/de\/wp-json\/wp\/v2\/users\/1"}],"replies":[{"embeddable":true,"href":"https:\/\/gjeltenbrucamping.no\/de\/wp-json\/wp\/v2\/comments?post=144"}],"version-history":[{"count":4,"href":"https:\/\/gjeltenbrucamping.no\/de\/wp-json\/wp\/v2\/pages\/144\/revisions"}],"predecessor-version":[{"id":454,"href":"https:\/\/gjeltenbrucamping.no\/de\/wp-json\/wp\/v2\/pages\/144\/revisions\/454"}],"wp:attachment":[{"href":"https:\/\/gjeltenbrucamping.no\/de\/wp-json\/wp\/v2\/media?parent=144"}],"curies":[{"name":"wp","href":"https:\/\/api.w.org\/{rel}","templated":true}]}}