{"id":146,"date":"2023-10-30T20:54:40","date_gmt":"2023-10-30T19:54:40","guid":{"rendered":"http:\/\/1142052-www.web.tornado-node.net\/sehenswuerdigkeiten-und-aktivitaeten\/"},"modified":"2023-12-19T10:54:14","modified_gmt":"2023-12-19T09:54:14","slug":"sehenswuerdigkeiten-und-aktivitaeten","status":"publish","type":"page","link":"https:\/\/gjeltenbrucamping.no\/de\/sehenswuerdigkeiten-und-aktivitaeten\/","title":{"rendered":"Sehensw\u00fcrdigkeiten und Aktivit\u00e4ten"},"content":{"rendered":"\n<h1 class=\"wp-block-heading\">Sehensw\u00fcrdigkeiten und Aktivit\u00e4ten<\/h1>\n\n\n\n<ul class=\"wp-block-list\">\n<li><strong>Angelm\u00f6glichkeiten<\/strong> \u2013 Die Gl\u00e5ma und die Folla sind fischreiche Fl\u00fcsse, die von Sportanglern sehr beliebt sind. <\/li>\n\n\n\n<li><strong>Jagd<\/strong> &#8211; M\u00f6glichkeiten f\u00fcr die Jagd auf Kleinwild.<\/li>\n\n\n\n<li><strong>Natur- und Kulturpfade<\/strong> \u2013 Markierte Pfade mit Kultur- und sch\u00f6nen Naturerlebnissen. Tronsvangen Naturpfad, Langodden Kulturpfad, Botanische Wanderung auf dem Tron. Dazu gibt es noch 9 markierte Pfade.  <\/li>\n\n\n\n<li><strong>Fu\u00dfwanderung<\/strong> \u2013 Alvdal Vestfjell. Karten \u00fcber Wanderwege vom DNT (Verein zur F\u00f6rderung von Bergwanderungen). \u00dcbernachtungsm\u00f6glichkeiten.  <\/li>\n\n\n\n<li><strong>Aukrustsenteret<\/strong> \u2013 viele spannende Aktivit\u00e4ten.<\/li>\n\n\n\n<li><strong>Hanggliding<\/strong> \u2013 ausgezeichnete Verh\u00e4ltnisse von dem Berge Tron aus.<\/li>\n\n\n\n<li><strong>Ruderboot, Kano, Kajak<\/strong> \u2013 Fl\u00fcsse under Bergseen bieten Ihnen gute M\u00f6glichkeiten.<\/li>\n\n\n\n<li><strong>Spielen und Ballspiel<\/strong> \u2013 Schulhof an Gjelten Bru Camping.<\/li>\n\n\n\n<li><strong>Skispuren<\/strong> &#8211; 120 km Skispuren mit pr\u00e4parierten Loipen. <\/li>\n\n\n\n<li><strong>Savalen<\/strong> \u2013 Abfahrtslauf\/-pisten und Langlaufarena mit Flutlichtloipen.<\/li>\n\n\n\n<li><strong>Sandeggbakkene<\/strong> \u2013 beleuchtete Skisprungschanze.<\/li>\n\n\n\n<li><strong>Eisangeln<\/strong> &#8211; Am Savalen, Gl\u00e5ma und in mehreren Bergseen.<\/li>\n<\/ul>\n","protected":false},"excerpt":{"rendered":"<p>Sehensw\u00fcrdigkeiten und Aktivit\u00e4ten<\/p>\n","protected":false},"author":1,"featured_media":0,"parent":0,"menu_order":0,"comment_status":"closed","ping_status":"closed","template":"","meta":{"inline_featured_image":false,"_kad_blocks_custom_css":"","_kad_blocks_head_custom_js":"","_kad_blocks_body_custom_js":"","_kad_blocks_footer_custom_js":"","_kad_post_transparent":"","_kad_post_title":"","_kad_post_layout":"","_kad_post_sidebar_id":"","_kad_post_content_style":"","_kad_post_vertical_padding":"","_kad_post_feature":"","_kad_post_feature_position":"","_kad_post_header":false,"_kad_post_footer":false,"_kad_post_classname":"","footnotes":""},"class_list":["post-146","page","type-page","status-publish","hentry"],"aioseo_notices":[],"taxonomy_info":[],"featured_image_src_large":false,"author_info":{"display_name":"hausbyra","author_link":"https:\/\/gjeltenbrucamping.no\/de\/author\/hausbyra\/"},"comment_info":0,"_links":{"self":[{"href":"https:\/\/gjeltenbrucamping.no\/de\/wp-json\/wp\/v2\/pages\/146","targetHints":{"allow":["GET"]}}],"collection":[{"href":"https:\/\/gjeltenbrucamping.no\/de\/wp-json\/wp\/v2\/pages"}],"about":[{"href":"https:\/\/gjeltenbrucamping.no\/de\/wp-json\/wp\/v2\/types\/page"}],"author":[{"embeddable":true,"href":"https:\/\/gjeltenbrucamping.no\/de\/wp-json\/wp\/v2\/users\/1"}],"replies":[{"embeddable":true,"href":"https:\/\/gjeltenbrucamping.no\/de\/wp-json\/wp\/v2\/comments?post=146"}],"version-history":[{"count":2,"href":"https:\/\/gjeltenbrucamping.no\/de\/wp-json\/wp\/v2\/pages\/146\/revisions"}],"predecessor-version":[{"id":633,"href":"https:\/\/gjeltenbrucamping.no\/de\/wp-json\/wp\/v2\/pages\/146\/revisions\/633"}],"wp:attachment":[{"href":"https:\/\/gjeltenbrucamping.no\/de\/wp-json\/wp\/v2\/media?parent=146"}],"curies":[{"name":"wp","href":"https:\/\/api.w.org\/{rel}","templated":true}]}}