{"id":126,"date":"2023-10-30T20:54:16","date_gmt":"2023-10-30T19:54:16","guid":{"rendered":"http:\/\/1142052-www.web.tornado-node.net\/alvdal-and-the-nearby-areas\/"},"modified":"2023-10-31T09:33:55","modified_gmt":"2023-10-31T08:33:55","slug":"alvdal-and-the-nearby-areas","status":"publish","type":"page","link":"https:\/\/gjeltenbrucamping.no\/en\/alvdal-and-the-nearby-areas\/","title":{"rendered":"Alvdal and the nearby areas"},"content":{"rendered":"<style>.wp-block-kadence-advancedheading.kt-adv-heading107_20c667-91, .wp-block-kadence-advancedheading.kt-adv-heading107_20c667-91[data-kb-block=\"kb-adv-heading107_20c667-91\"]{font-style:normal;}.wp-block-kadence-advancedheading.kt-adv-heading107_20c667-91 mark.kt-highlight, .wp-block-kadence-advancedheading.kt-adv-heading107_20c667-91[data-kb-block=\"kb-adv-heading107_20c667-91\"] mark.kt-highlight{font-style:normal;color:#f76a0c;-webkit-box-decoration-break:clone;box-decoration-break:clone;padding-top:0px;padding-right:0px;padding-bottom:0px;padding-left:0px;}.wp-block-kadence-advancedheading.kt-adv-heading107_20c667-91 img.kb-inline-image, .wp-block-kadence-advancedheading.kt-adv-heading107_20c667-91[data-kb-block=\"kb-adv-heading107_20c667-91\"] img.kb-inline-image{width:150px;vertical-align:baseline;}<\/style>\n<p class=\"kt-adv-heading107_20c667-91 wp-block-kadence-advancedheading\" data-kb-block=\"kb-adv-heading107_20c667-91\">Alvdal is a charming village at the foot of the mountain called Tronfjell. The settlement is scattered in the valley bottom along the rivers Folla and Gl\u00e5ma, which separate the two main excursion areas, \u00d8stkj\u00f8len and Alvdal Vestfjell. The municipal center, Steia, is located where the rivers meet. In this rural environment, Kjell Aukrust grew up. His childhood years in Alvdal provided inspiration for the rich folk humor he is so well known for.    <\/p>\n\n<ul class=\"wp-block-list\">\n<li><a href=\"http:\/\/aukrust.no\/\" target=\"_blank\" rel=\"noreferrer noopener\"><strong>Aukrustsenteret<\/strong><\/a> \u2013 a large art and experience center built around Kjell Aukrust&#8217;s world. Here, you&#8217;ll get impressions beyond the ordinary. <\/li>\n\n\n\n<li><strong>Aukrustmonumentet<\/strong> \u2013 by the church, Kjell, Solan, and Ludvig stands gazing out over the village and down towards Kjell&#8217;s childhood home, Storsteigen.<\/li>\n\n\n\n<li><strong>Husantunet<\/strong> \u2013 one of the country&#8217;s best-preserved rural museums with 18 turf-roofed houses, some dating back to the 17th century.<\/li>\n\n\n\n<li><a href=\"http:\/\/no.wikipedia.org\/wiki\/Tronfjellet\" target=\"_blank\" rel=\"noreferrer noopener\"><strong>Tronfjellet<\/strong><\/a> \u2013 a road leading to the summit, at an elevation of 1,666 meters above sea level. An exciting botanical area with a fantastic view. Memorial monument dedicated to the Indian philosopher Baral.  <\/li>\n\n\n\n<li><strong>Einunndalen<\/strong> \u2013 Norway&#8217;s longest, and perhaps<br\/>the most beautiful mountan valley. Vibrant mountain farm life. <\/li>\n\n\n\n<li><strong>Alvdal Vestfjell<\/strong> &#8211; S\u00f8lndalen and Haustdalen is a paradise for those who appreciate beautiful nature and tranquil surroundings. Numerous mountain farms, marked hiking trails by the Norwegian Trekking Association (DNT), various accommodation options. S\u00f8lnkletten, at 1,827 meters above sea level, is an experience in itself.    <\/li>\n\n\n\n<li><strong>Jutulhogget<\/strong> &#8211; Northern Europe&#8217;s largest canyon. Formed during the last ice age. The canyon is 500 meters at its widest point and 2.5 kilometers long. The walls reach heights of up to 240 meters. A geologically and botanically fascinating area.    <\/li>\n\n\n\n<li><a rel=\"noreferrer noopener\" href=\"http:\/\/www.roros.no\/\" target=\"_blank\"><strong>R\u00f8ros<\/strong><\/a> &#8211; A day trip to Bergstaden. The mining town that is on UNESCO&#8217;s list of the world&#8217;s most valuable cultural heritage sites. <\/li>\n<\/ul>\n<style>.wp-block-kadence-advancedheading.kt-adv-heading107_2e21c3-65, .wp-block-kadence-advancedheading.kt-adv-heading107_2e21c3-65[data-kb-block=\"kb-adv-heading107_2e21c3-65\"]{font-style:normal;}.wp-block-kadence-advancedheading.kt-adv-heading107_2e21c3-65 mark.kt-highlight, .wp-block-kadence-advancedheading.kt-adv-heading107_2e21c3-65[data-kb-block=\"kb-adv-heading107_2e21c3-65\"] mark.kt-highlight{font-style:normal;color:#f76a0c;-webkit-box-decoration-break:clone;box-decoration-break:clone;padding-top:0px;padding-right:0px;padding-bottom:0px;padding-left:0px;}.wp-block-kadence-advancedheading.kt-adv-heading107_2e21c3-65 img.kb-inline-image, .wp-block-kadence-advancedheading.kt-adv-heading107_2e21c3-65[data-kb-block=\"kb-adv-heading107_2e21c3-65\"] img.kb-inline-image{width:150px;vertical-align:baseline;}<\/style>\n<h2 class=\"kt-adv-heading107_2e21c3-65 wp-block-kadence-advancedheading\" data-kb-block=\"kb-adv-heading107_2e21c3-65\">Read more about Alvdal <\/h2>\n\n<ul class=\"wp-block-list\">\n<li><a href=\"http:\/\/www.opplevalvdal.no\/\" target=\"_blank\" rel=\"noreferrer noopener\">opplevalvdal.no<\/a><\/li>\n\n\n\n<li><a href=\"http:\/\/www.alvdalmiv.no\/\" target=\"_blank\" rel=\"noreferrer noopener\">Alvdal &#8211; Midt i v\u00e6la<\/a><\/li>\n\n\n\n<li><a rel=\"noreferrer noopener\" href=\"http:\/\/turforening.no\/\" target=\"_blank\">Alvdal Turforening<\/a><\/li>\n\n\n\n<li><a href=\"http:\/\/alvdal.kommune.no\/\" target=\"_blank\" rel=\"noreferrer noopener\">Alvdal kommune<\/a><\/li>\n\n\n\n<li><a rel=\"noreferrer noopener\" href=\"http:\/\/no.wikipedia.org\/wiki\/Alvdal\" target=\"_blank\">Wikipedia<\/a><\/li>\n<\/ul>\n\n<div style=\"height:50px\" aria-hidden=\"true\" class=\"wp-block-spacer\"><\/div>\n","protected":false},"excerpt":{"rendered":"<p>Alvdal is a charming village at the foot of the mountain called Tronfjell. The settlement is scattered in the valley bottom along the rivers Folla and Gl\u00e5ma, which separate the two main excursion areas, \u00d8stkj\u00f8len and Alvdal Vestfjell. The municipal center, Steia, is located where the rivers meet. In this rural environment, Kjell Aukrust grew&#8230;<\/p>\n","protected":false},"author":1,"featured_media":0,"parent":0,"menu_order":0,"comment_status":"closed","ping_status":"closed","template":"","meta":{"inline_featured_image":false,"_kad_blocks_custom_css":"","_kad_blocks_head_custom_js":"","_kad_blocks_body_custom_js":"","_kad_blocks_footer_custom_js":"","_kad_post_transparent":"","_kad_post_title":"","_kad_post_layout":"","_kad_post_sidebar_id":"","_kad_post_content_style":"","_kad_post_vertical_padding":"","_kad_post_feature":"","_kad_post_feature_position":"","_kad_post_header":false,"_kad_post_footer":false,"_kad_post_classname":"","footnotes":""},"class_list":["post-126","page","type-page","status-publish","hentry"],"aioseo_notices":[],"taxonomy_info":[],"featured_image_src_large":false,"author_info":{"display_name":"hausbyra","author_link":"https:\/\/gjeltenbrucamping.no\/en\/author\/hausbyra\/"},"comment_info":0,"_links":{"self":[{"href":"https:\/\/gjeltenbrucamping.no\/en\/wp-json\/wp\/v2\/pages\/126","targetHints":{"allow":["GET"]}}],"collection":[{"href":"https:\/\/gjeltenbrucamping.no\/en\/wp-json\/wp\/v2\/pages"}],"about":[{"href":"https:\/\/gjeltenbrucamping.no\/en\/wp-json\/wp\/v2\/types\/page"}],"author":[{"embeddable":true,"href":"https:\/\/gjeltenbrucamping.no\/en\/wp-json\/wp\/v2\/users\/1"}],"replies":[{"embeddable":true,"href":"https:\/\/gjeltenbrucamping.no\/en\/wp-json\/wp\/v2\/comments?post=126"}],"version-history":[{"count":1,"href":"https:\/\/gjeltenbrucamping.no\/en\/wp-json\/wp\/v2\/pages\/126\/revisions"}],"predecessor-version":[{"id":127,"href":"https:\/\/gjeltenbrucamping.no\/en\/wp-json\/wp\/v2\/pages\/126\/revisions\/127"}],"wp:attachment":[{"href":"https:\/\/gjeltenbrucamping.no\/en\/wp-json\/wp\/v2\/media?parent=126"}],"curies":[{"name":"wp","href":"https:\/\/api.w.org\/{rel}","templated":true}]}}