{"id":130,"date":"2023-10-02T11:35:08","date_gmt":"2023-10-02T09:35:08","guid":{"rendered":"http:\/\/1142052-www.web.tornado-node.net\/contact\/"},"modified":"2023-12-19T10:56:28","modified_gmt":"2023-12-19T09:56:28","slug":"contact","status":"publish","type":"page","link":"https:\/\/gjeltenbrucamping.no\/en\/contact\/","title":{"rendered":"Contact"},"content":{"rendered":"<style>.kadence-column130_f97146-2c > .kt-inside-inner-col{padding-top:var(--global-kb-spacing-md, 2rem);}.kadence-column130_f97146-2c > .kt-inside-inner-col,.kadence-column130_f97146-2c > .kt-inside-inner-col:before{border-top-left-radius:0px;border-top-right-radius:0px;border-bottom-right-radius:0px;border-bottom-left-radius:0px;}.kadence-column130_f97146-2c > .kt-inside-inner-col{column-gap:var(--global-kb-gap-sm, 1rem);}.kadence-column130_f97146-2c > .kt-inside-inner-col{flex-direction:column;}.kadence-column130_f97146-2c > .kt-inside-inner-col > .aligncenter{width:100%;}.kadence-column130_f97146-2c > .kt-inside-inner-col:before{opacity:0.3;}.kadence-column130_f97146-2c{position:relative;}@media all and (max-width: 1024px){.kadence-column130_f97146-2c > .kt-inside-inner-col{flex-direction:column;justify-content:center;}}@media all and (max-width: 767px){.kadence-column130_f97146-2c > .kt-inside-inner-col{padding-right:var(--global-kb-spacing-sm, 1.5rem);flex-direction:column;justify-content:center;}}<\/style>\n<div class=\"wp-block-kadence-column kadence-column130_f97146-2c alignwide\"><div class=\"kt-inside-inner-col\"><style>.kb-image130_9f006e-cf.kb-image-is-ratio-size, .kb-image130_9f006e-cf .kb-image-is-ratio-size{max-width:204px;width:100%;}.wp-block-kadence-column > .kt-inside-inner-col > .kb-image130_9f006e-cf.kb-image-is-ratio-size, .wp-block-kadence-column > .kt-inside-inner-col > .kb-image130_9f006e-cf .kb-image-is-ratio-size{align-self:unset;}.kb-image130_9f006e-cf figure{max-width:204px;}.kb-image130_9f006e-cf .image-is-svg, .kb-image130_9f006e-cf .image-is-svg img{width:100%;}.kb-image130_9f006e-cf .kb-image-has-overlay:after{opacity:0.3;}<\/style>\n<div class=\"wp-block-kadence-image kb-image130_9f006e-cf\"><figure class=\"alignright size-large image-is-svg\"><img decoding=\"async\" src=\"https:\/\/gjeltenbrucamping.no\/wp-content\/uploads\/2023\/11\/GjeltenBruCampingIkonFiske.svg\" alt=\"\" class=\"kb-img wp-image-174\"\/><\/figure><\/div>\n<\/div><\/div>\n\n\n<style>.kadence-column130_e80317-ca > .kt-inside-inner-col{padding-top:var(--global-kb-spacing-sm, 1.5rem);}.kadence-column130_e80317-ca > .kt-inside-inner-col,.kadence-column130_e80317-ca > .kt-inside-inner-col:before{border-top-left-radius:0px;border-top-right-radius:0px;border-bottom-right-radius:0px;border-bottom-left-radius:0px;}.kadence-column130_e80317-ca > .kt-inside-inner-col{column-gap:var(--global-kb-gap-sm, 1rem);}.kadence-column130_e80317-ca > .kt-inside-inner-col{flex-direction:column;}.kadence-column130_e80317-ca > .kt-inside-inner-col > .aligncenter{width:100%;}.kadence-column130_e80317-ca > .kt-inside-inner-col:before{opacity:0.3;}.kadence-column130_e80317-ca{position:relative;}@media all and (max-width: 1024px){.kadence-column130_e80317-ca > .kt-inside-inner-col{flex-direction:column;justify-content:center;}}@media all and (max-width: 767px){.kadence-column130_e80317-ca > .kt-inside-inner-col{padding-top:var(--global-kb-spacing-sm, 1.5rem);flex-direction:column;justify-content:center;}}<\/style>\n<div class=\"wp-block-kadence-column kadence-column130_e80317-ca\"><div class=\"kt-inside-inner-col\"><style>.wp-block-kadence-advancedheading.kt-adv-heading130_519d18-e1, .wp-block-kadence-advancedheading.kt-adv-heading130_519d18-e1[data-kb-block=\"kb-adv-heading130_519d18-e1\"]{font-size:3rem;font-style:normal;}.wp-block-kadence-advancedheading.kt-adv-heading130_519d18-e1 mark.kt-highlight, .wp-block-kadence-advancedheading.kt-adv-heading130_519d18-e1[data-kb-block=\"kb-adv-heading130_519d18-e1\"] mark.kt-highlight{font-style:normal;color:#f76a0c;-webkit-box-decoration-break:clone;box-decoration-break:clone;padding-top:0px;padding-right:0px;padding-bottom:0px;padding-left:0px;}.wp-block-kadence-advancedheading.kt-adv-heading130_519d18-e1 img.kb-inline-image, .wp-block-kadence-advancedheading.kt-adv-heading130_519d18-e1[data-kb-block=\"kb-adv-heading130_519d18-e1\"] img.kb-inline-image{width:150px;vertical-align:baseline;}<\/style>\n<h1 class=\"kt-adv-heading130_519d18-e1 wp-block-kadence-advancedheading\" data-kb-block=\"kb-adv-heading130_519d18-e1\">Contact<\/h1>\n\n\n<style>.wp-block-kadence-advancedheading.kt-adv-heading130_ed9fc1-c5, .wp-block-kadence-advancedheading.kt-adv-heading130_ed9fc1-c5[data-kb-block=\"kb-adv-heading130_ed9fc1-c5\"]{font-style:normal;}.wp-block-kadence-advancedheading.kt-adv-heading130_ed9fc1-c5 mark.kt-highlight, .wp-block-kadence-advancedheading.kt-adv-heading130_ed9fc1-c5[data-kb-block=\"kb-adv-heading130_ed9fc1-c5\"] mark.kt-highlight{font-style:normal;color:#f76a0c;-webkit-box-decoration-break:clone;box-decoration-break:clone;padding-top:0px;padding-right:0px;padding-bottom:0px;padding-left:0px;}.wp-block-kadence-advancedheading.kt-adv-heading130_ed9fc1-c5 img.kb-inline-image, .wp-block-kadence-advancedheading.kt-adv-heading130_ed9fc1-c5[data-kb-block=\"kb-adv-heading130_ed9fc1-c5\"] img.kb-inline-image{width:150px;vertical-align:baseline;}<\/style>\n<p class=\"kt-adv-heading130_ed9fc1-c5 wp-block-kadence-advancedheading\" data-kb-block=\"kb-adv-heading130_ed9fc1-c5\">Call us<br><a href=\"tel:+4797323588\">+47 973 23 588<\/a><br>&#8230; or fill out the form, and we will contact you later.<\/p>\n<\/div><\/div>\n\n\n\n<div style=\"height:50px\" aria-hidden=\"true\" class=\"wp-block-spacer\"><\/div>\n\n\n<style>@media all and (max-width: 767px){.wp-block-kadence-advanced-form115-cpt-id, .wp-block-kadence-advanced-form115-cpt-id.kb-form-has-background{padding-right:var(--global-kb-spacing-sm, 1.5rem);padding-left:var(--global-kb-spacing-sm, 1.5rem);}}<\/style><div class=\"wp-block-kadence-advanced-form wp-block-kadence-advanced-form115-cpt-id kb-form-basic-style wp-block-kadence-advanced-form\"><form id=\"kb-adv-form-115-cpt-id\" class=\"kb-advanced-form\" method=\"post\" data-error-message=\"Vennligst rett opp i feilene for \u00e5 kunne fortsette.\">\n<style>.kb-row-layout-id15_92ffe9-fb > .kt-row-column-wrap{align-content:start;}:where(.kb-row-layout-id15_92ffe9-fb > .kt-row-column-wrap) > .wp-block-kadence-column{justify-content:start;}.kb-row-layout-id15_92ffe9-fb > .kt-row-column-wrap{column-gap:var(--global-kb-gap-md, 2rem);row-gap:var(--global-kb-gap-md, 2rem);padding-top:0px;padding-right:0px;padding-bottom:0px;padding-left:0px;grid-template-columns:repeat(2, minmax(0, 1fr));}.kb-row-layout-id15_92ffe9-fb > .kt-row-layout-overlay{opacity:0.30;}@media all and (max-width: 1024px){.kb-row-layout-id15_92ffe9-fb > .kt-row-column-wrap{grid-template-columns:repeat(2, minmax(0, 1fr));}}@media all and (max-width: 767px){.kb-row-layout-id15_92ffe9-fb > .kt-row-column-wrap{grid-template-columns:minmax(0, 1fr);}}<\/style><div class=\"kb-row-layout-wrap kb-row-layout-id15_92ffe9-fb alignnone wp-block-kadence-rowlayout\"><div class=\"kt-row-column-wrap kt-has-2-columns kt-row-layout-equal kt-tab-layout-inherit kt-mobile-layout-row kt-row-valign-top\">\n<style>.kadence-column15_c09abe-c1 > .kt-inside-inner-col,.kadence-column15_c09abe-c1 > .kt-inside-inner-col:before{border-top-left-radius:0px;border-top-right-radius:0px;border-bottom-right-radius:0px;border-bottom-left-radius:0px;}.kadence-column15_c09abe-c1 > .kt-inside-inner-col{column-gap:var(--global-kb-gap-sm, 1rem);}.kadence-column15_c09abe-c1 > .kt-inside-inner-col{flex-direction:column;}.kadence-column15_c09abe-c1 > .kt-inside-inner-col > .aligncenter{width:100%;}.kadence-column15_c09abe-c1 > .kt-inside-inner-col:before{opacity:0.3;}.kadence-column15_c09abe-c1{position:relative;}@media all and (max-width: 1024px){.kadence-column15_c09abe-c1 > .kt-inside-inner-col{flex-direction:column;justify-content:center;}}@media all and (max-width: 767px){.kadence-column15_c09abe-c1 > .kt-inside-inner-col{flex-direction:column;justify-content:center;}}<\/style>\n<div class=\"wp-block-kadence-column kadence-column15_c09abe-c1\"><div class=\"kt-inside-inner-col\"><div class=\"kb-adv-form-field kb-adv-form-text-type-input kb-adv-form-infield-type-input kb-field1154bb74f-f2 wp-block-kadence-advanced-form-text\"><label class=\"kb-adv-form-label\" for=\"field1154bb74f-f2\">Fornavn<\/label><input name=\"field4bb74f-f2\" id=\"field1154bb74f-f2\" data-label=\"Fornavn\" type=\"text\" placeholder=\"F.eks. Kari \" value=\"\" data-type=\"text\" class=\"kb-field kb-text-field\" data-required=\"no\" \/><\/div><\/div><\/div>\n\n\n<style>.kadence-column15_5369c5-8a > .kt-inside-inner-col,.kadence-column15_5369c5-8a > .kt-inside-inner-col:before{border-top-left-radius:0px;border-top-right-radius:0px;border-bottom-right-radius:0px;border-bottom-left-radius:0px;}.kadence-column15_5369c5-8a > .kt-inside-inner-col{column-gap:var(--global-kb-gap-sm, 1rem);}.kadence-column15_5369c5-8a > .kt-inside-inner-col{flex-direction:column;}.kadence-column15_5369c5-8a > .kt-inside-inner-col > .aligncenter{width:100%;}.kadence-column15_5369c5-8a > .kt-inside-inner-col:before{opacity:0.3;}.kadence-column15_5369c5-8a{position:relative;}@media all and (max-width: 1024px){.kadence-column15_5369c5-8a > .kt-inside-inner-col{flex-direction:column;justify-content:center;}}@media all and (max-width: 767px){.kadence-column15_5369c5-8a > .kt-inside-inner-col{flex-direction:column;justify-content:center;}}<\/style>\n<div class=\"wp-block-kadence-column kadence-column15_5369c5-8a\"><div class=\"kt-inside-inner-col\"><div class=\"kb-adv-form-field kb-adv-form-text-type-input kb-adv-form-infield-type-input kb-field1150b0c0e-e5 wp-block-kadence-advanced-form-text\"><label class=\"kb-adv-form-label\" for=\"field1150b0c0e-e5\">Etternavn<\/label><input name=\"field0b0c0e-e5\" id=\"field1150b0c0e-e5\" data-label=\"Etternavn\" type=\"text\" placeholder=\"F.eks. Nordmann\" value=\"\" data-type=\"text\" class=\"kb-field kb-text-field\" data-required=\"no\" \/><\/div><\/div><\/div>\n\n<\/div><\/div>\n\n<div class=\"kb-adv-form-field kb-adv-form-text-type-input kb-adv-form-infield-type-input kb-field115aa7773-c6 wp-block-kadence-advanced-form-email\"><label class=\"kb-adv-form-label\" for=\"field115aa7773-c6\">E-post<span class=\"kb-adv-form-required\">*<\/span><\/label><input name=\"fieldaa7773-c6\" id=\"field115aa7773-c6\" data-label=\"E-post\" type=\"email\" placeholder=\"F.eks. kari.nordmann@mail.no\" value=\"\" data-type=\"email\" class=\"kb-field kb-email-field\" data-required=\"yes\" required aria-required=\"true\"\/><\/div>\n\n<div class=\"kb-adv-form-field kb-adv-form-text-type-input kb-adv-form-infield-type-input kb-field115eea541-f2 wp-block-kadence-advanced-form-telephone\"><label class=\"kb-adv-form-label\" for=\"field115eea541-f2\">Telefonnummer<span class=\"kb-adv-form-required\">*<\/span><\/label><input name=\"fieldeea541-f2\" id=\"field115eea541-f2\" data-label=\"Telefonnummer\" type=\"tel\" placeholder=\"F.eks. +47 000 00 000\" value=\"\" data-type=\"tel\" class=\"kb-field kb-tel-field\" data-required=\"yes\" required aria-required=\"true\"\/><\/div>\n\n<div class=\"kb-adv-form-field kb-adv-form-text-type-input kb-adv-form-infield-type-input kb-field115ee268e-22 wp-block-kadence-advanced-form-textarea\"><label class=\"kb-adv-form-label\" for=\"field115ee268e-22\">Din foresp\u00f8rsel<span class=\"kb-adv-form-required\">*<\/span><\/label><textarea name=\"fieldee268e-22\" id=\"field115ee268e-22\" rows=\"3\"  data-label=\"Din foresp\u00f8rsel\" placeholder=\"Skriv en beskjed eller en foresp\u00f8rsel for bestilling av overnatting.\" data-type=\"textarea\" class=\"kb-field kb-textarea-field\" data-required=\"yes\" required aria-required=\"true\"><\/textarea><\/div>\n\n<style>.wp-block-kadence-advancedheading.kt-adv-heading15_c51915-1f, .wp-block-kadence-advancedheading.kt-adv-heading15_c51915-1f[data-kb-block=\"kb-adv-heading15_c51915-1f\"]{font-size:1rem;font-style:normal;}.wp-block-kadence-advancedheading.kt-adv-heading15_c51915-1f mark.kt-highlight, .wp-block-kadence-advancedheading.kt-adv-heading15_c51915-1f[data-kb-block=\"kb-adv-heading15_c51915-1f\"] mark.kt-highlight{font-style:normal;color:#f76a0c;-webkit-box-decoration-break:clone;box-decoration-break:clone;padding-top:0px;padding-right:0px;padding-bottom:0px;padding-left:0px;}.wp-block-kadence-advancedheading.kt-adv-heading15_c51915-1f img.kb-inline-image, .wp-block-kadence-advancedheading.kt-adv-heading15_c51915-1f[data-kb-block=\"kb-adv-heading15_c51915-1f\"] img.kb-inline-image{width:150px;vertical-align:baseline;}<\/style>\n<p class=\"kt-adv-heading15_c51915-1f wp-block-kadence-advancedheading\" data-kb-block=\"kb-adv-heading15_c51915-1f\">Ved \u00e5 trykke p\u00e5 knappen under, samtykker du i at vi lagrer kontaktinformasjonen din for \u00e5 kunne ta kontakt med deg.<\/p>\n\n\n<style>ul.menu .kb-submit-field .kb-btn9490fd-13.kb-button{width:initial;}.kb-submit-field.kb-field9490fd-13{justify-content:flex-start;}<\/style><div class=\"kb-adv-form-field kb-submit-field kb-field9490fd-13 wp-block-kadence-advanced-form-submit\"><button class=\"kb-button kt-button button kb-adv-form-submit-button kb-btn9490fd-13 kt-btn-size-standard kt-btn-width-type-auto kb-btn-global-inherit kt-btn-has-text-true kt-btn-has-svg-false wp-block-button__link\" type=\"submit\"><span class=\"kt-btn-inner-text\">Send foresp\u00f8rsel<\/span><\/button><\/div>\n<input type=\"hidden\" name=\"_kb_adv_form_post_id\" value=\"115\"><input type=\"hidden\" name=\"action\" value=\"kb_process_advanced_form_submit\"><input type=\"hidden\" name=\"_kb_adv_form_id\" value=\"115-cpt-id\"><\/form><\/div>\n\n<style>.kadence-column130_f5642a-3d > .kt-inside-inner-col,.kadence-column130_f5642a-3d > .kt-inside-inner-col:before{border-top-left-radius:0px;border-top-right-radius:0px;border-bottom-right-radius:0px;border-bottom-left-radius:0px;}.kadence-column130_f5642a-3d > .kt-inside-inner-col{column-gap:var(--global-kb-gap-sm, 1rem);}.kadence-column130_f5642a-3d > .kt-inside-inner-col{flex-direction:column;}.kadence-column130_f5642a-3d > .kt-inside-inner-col > .aligncenter{width:100%;}.kadence-column130_f5642a-3d > .kt-inside-inner-col:before{opacity:0.3;}.kadence-column130_f5642a-3d{position:relative;}@media all and (max-width: 1024px){.kadence-column130_f5642a-3d > .kt-inside-inner-col{flex-direction:column;justify-content:center;}}@media all and (max-width: 767px){.kadence-column130_f5642a-3d > .kt-inside-inner-col{flex-direction:column;justify-content:center;}}<\/style>\n<div class=\"wp-block-kadence-column kadence-column130_f5642a-3d\"><div class=\"kt-inside-inner-col\"><style>.wp-block-kadence-advancedheading.kt-adv-heading130_454ef5-f6, .wp-block-kadence-advancedheading.kt-adv-heading130_454ef5-f6[data-kb-block=\"kb-adv-heading130_454ef5-f6\"]{padding-top:var(--global-kb-spacing-xl, 4rem);font-style:normal;}.wp-block-kadence-advancedheading.kt-adv-heading130_454ef5-f6 mark.kt-highlight, .wp-block-kadence-advancedheading.kt-adv-heading130_454ef5-f6[data-kb-block=\"kb-adv-heading130_454ef5-f6\"] mark.kt-highlight{font-style:normal;color:#f76a0c;-webkit-box-decoration-break:clone;box-decoration-break:clone;padding-top:0px;padding-right:0px;padding-bottom:0px;padding-left:0px;}.wp-block-kadence-advancedheading.kt-adv-heading130_454ef5-f6 img.kb-inline-image, .wp-block-kadence-advancedheading.kt-adv-heading130_454ef5-f6[data-kb-block=\"kb-adv-heading130_454ef5-f6\"] img.kb-inline-image{width:150px;vertical-align:baseline;}<\/style>\n<p class=\"kt-adv-heading130_454ef5-f6 wp-block-kadence-advancedheading\" data-kb-block=\"kb-adv-heading130_454ef5-f6\"><strong>Gjelten Bru Camping<\/strong><\/p>\n\n\n<style>.wp-block-kadence-advancedheading.kt-adv-heading130_c30246-0d, .wp-block-kadence-advancedheading.kt-adv-heading130_c30246-0d[data-kb-block=\"kb-adv-heading130_c30246-0d\"]{font-style:normal;}.wp-block-kadence-advancedheading.kt-adv-heading130_c30246-0d mark.kt-highlight, .wp-block-kadence-advancedheading.kt-adv-heading130_c30246-0d[data-kb-block=\"kb-adv-heading130_c30246-0d\"] mark.kt-highlight{font-style:normal;color:#f76a0c;-webkit-box-decoration-break:clone;box-decoration-break:clone;padding-top:0px;padding-right:0px;padding-bottom:0px;padding-left:0px;}.wp-block-kadence-advancedheading.kt-adv-heading130_c30246-0d img.kb-inline-image, .wp-block-kadence-advancedheading.kt-adv-heading130_c30246-0d[data-kb-block=\"kb-adv-heading130_c30246-0d\"] img.kb-inline-image{width:150px;vertical-align:baseline;}<\/style>\n<p class=\"kt-adv-heading130_c30246-0d wp-block-kadence-advancedheading\" data-kb-block=\"kb-adv-heading130_c30246-0d\">Postadresse:<br>S\u00f8lndalsveien 75, 2560 Alvdal<\/p>\n\n\n<style>.wp-block-kadence-advancedheading.kt-adv-heading130_b8cc42-f5, .wp-block-kadence-advancedheading.kt-adv-heading130_b8cc42-f5[data-kb-block=\"kb-adv-heading130_b8cc42-f5\"]{font-style:normal;}.wp-block-kadence-advancedheading.kt-adv-heading130_b8cc42-f5 mark.kt-highlight, .wp-block-kadence-advancedheading.kt-adv-heading130_b8cc42-f5[data-kb-block=\"kb-adv-heading130_b8cc42-f5\"] mark.kt-highlight{font-style:normal;color:#f76a0c;-webkit-box-decoration-break:clone;box-decoration-break:clone;padding-top:0px;padding-right:0px;padding-bottom:0px;padding-left:0px;}.wp-block-kadence-advancedheading.kt-adv-heading130_b8cc42-f5 img.kb-inline-image, .wp-block-kadence-advancedheading.kt-adv-heading130_b8cc42-f5[data-kb-block=\"kb-adv-heading130_b8cc42-f5\"] img.kb-inline-image{width:150px;vertical-align:baseline;}<\/style>\n<p class=\"kt-adv-heading130_b8cc42-f5 wp-block-kadence-advancedheading\" data-kb-block=\"kb-adv-heading130_b8cc42-f5\">Telefon: <a href=\"tel:+4797323588\">+47 973 23 588<\/a><br>E-post: <a href=\"mailto:post@gjeltenbrucamping.no\">post@gjeltenbrucamping.no<\/a><\/p>\n\n\n<style>.kb-image130_1a09f9-7d.kb-image-is-ratio-size, .kb-image130_1a09f9-7d .kb-image-is-ratio-size{max-width:60px;width:100%;}.wp-block-kadence-column > .kt-inside-inner-col > .kb-image130_1a09f9-7d.kb-image-is-ratio-size, .wp-block-kadence-column > .kt-inside-inner-col > .kb-image130_1a09f9-7d .kb-image-is-ratio-size{align-self:unset;}.kb-image130_1a09f9-7d{max-width:60px;}.image-is-svg.kb-image130_1a09f9-7d{-webkit-flex:0 1 100%;flex:0 1 100%;}.image-is-svg.kb-image130_1a09f9-7d img{width:100%;}.kb-image130_1a09f9-7d:not(.kb-image-is-ratio-size) .kb-img, .kb-image130_1a09f9-7d.kb-image-is-ratio-size{padding-top:var(--global-kb-spacing-md, 2rem);}.kb-image130_1a09f9-7d .kb-image-has-overlay:after{opacity:0.3;}<\/style>\n<figure class=\"wp-block-kadence-image kb-image130_1a09f9-7d size-large image-is-svg\"><img decoding=\"async\" src=\"https:\/\/gjeltenbrucamping.no\/wp-content\/uploads\/2023\/11\/GjeltenBruCampingIkonTre.svg\" alt=\"\" class=\"kb-img wp-image-180\"\/><\/figure>\n<\/div><\/div>\n","protected":false},"excerpt":{"rendered":"<p>Contact Call us+47 973 23 588&#8230; or fill out the form, and we will contact you later. Gjelten Bru Camping Postadresse:S\u00f8lndalsveien 75, 2560 Alvdal Telefon: +47 973 23 588E-post: post@gjeltenbrucamping.no<\/p>\n","protected":false},"author":1,"featured_media":0,"parent":0,"menu_order":0,"comment_status":"closed","ping_status":"closed","template":"","meta":{"inline_featured_image":false,"_kad_blocks_custom_css":"","_kad_blocks_head_custom_js":"","_kad_blocks_body_custom_js":"","_kad_blocks_footer_custom_js":"","_kad_post_transparent":"","_kad_post_title":"","_kad_post_layout":"","_kad_post_sidebar_id":"","_kad_post_content_style":"","_kad_post_vertical_padding":"","_kad_post_feature":"","_kad_post_feature_position":"","_kad_post_header":false,"_kad_post_footer":false,"_kad_post_classname":"","footnotes":""},"class_list":["post-130","page","type-page","status-publish","hentry"],"aioseo_notices":[],"taxonomy_info":[],"featured_image_src_large":false,"author_info":{"display_name":"hausbyra","author_link":"https:\/\/gjeltenbrucamping.no\/en\/author\/hausbyra\/"},"comment_info":0,"_links":{"self":[{"href":"https:\/\/gjeltenbrucamping.no\/en\/wp-json\/wp\/v2\/pages\/130","targetHints":{"allow":["GET"]}}],"collection":[{"href":"https:\/\/gjeltenbrucamping.no\/en\/wp-json\/wp\/v2\/pages"}],"about":[{"href":"https:\/\/gjeltenbrucamping.no\/en\/wp-json\/wp\/v2\/types\/page"}],"author":[{"embeddable":true,"href":"https:\/\/gjeltenbrucamping.no\/en\/wp-json\/wp\/v2\/users\/1"}],"replies":[{"embeddable":true,"href":"https:\/\/gjeltenbrucamping.no\/en\/wp-json\/wp\/v2\/comments?post=130"}],"version-history":[{"count":3,"href":"https:\/\/gjeltenbrucamping.no\/en\/wp-json\/wp\/v2\/pages\/130\/revisions"}],"predecessor-version":[{"id":635,"href":"https:\/\/gjeltenbrucamping.no\/en\/wp-json\/wp\/v2\/pages\/130\/revisions\/635"}],"wp:attachment":[{"href":"https:\/\/gjeltenbrucamping.no\/en\/wp-json\/wp\/v2\/media?parent=130"}],"curies":[{"name":"wp","href":"https:\/\/api.w.org\/{rel}","templated":true}]}}