{"id":132,"date":"2023-10-02T11:34:59","date_gmt":"2023-10-02T09:34:59","guid":{"rendered":"http:\/\/1142052-www.web.tornado-node.net\/about-us\/"},"modified":"2023-11-28T12:26:02","modified_gmt":"2023-11-28T11:26:02","slug":"about-us","status":"publish","type":"page","link":"https:\/\/gjeltenbrucamping.no\/en\/about-us\/","title":{"rendered":"About us"},"content":{"rendered":"<style>.kadence-column132_f505bd-4c > .kt-inside-inner-col{padding-top:var(--global-kb-spacing-md, 2rem);}.kadence-column132_f505bd-4c > .kt-inside-inner-col,.kadence-column132_f505bd-4c > .kt-inside-inner-col:before{border-top-left-radius:0px;border-top-right-radius:0px;border-bottom-right-radius:0px;border-bottom-left-radius:0px;}.kadence-column132_f505bd-4c > .kt-inside-inner-col{column-gap:var(--global-kb-gap-sm, 1rem);}.kadence-column132_f505bd-4c > .kt-inside-inner-col{flex-direction:column;}.kadence-column132_f505bd-4c > .kt-inside-inner-col > .aligncenter{width:100%;}.kadence-column132_f505bd-4c > .kt-inside-inner-col:before{opacity:0.3;}.kadence-column132_f505bd-4c{position:relative;}@media all and (max-width: 1024px){.kadence-column132_f505bd-4c > .kt-inside-inner-col{flex-direction:column;justify-content:center;}}@media all and (max-width: 767px){.kadence-column132_f505bd-4c > .kt-inside-inner-col{padding-right:var(--global-kb-spacing-sm, 1.5rem);flex-direction:column;justify-content:center;}}<\/style>\n<div class=\"wp-block-kadence-column kadence-column132_f505bd-4c alignwide\"><div class=\"kt-inside-inner-col\"><style>.kb-image132_d68701-85.kb-image-is-ratio-size, .kb-image132_d68701-85 .kb-image-is-ratio-size{max-width:204px;width:100%;}.wp-block-kadence-column > .kt-inside-inner-col > .kb-image132_d68701-85.kb-image-is-ratio-size, .wp-block-kadence-column > .kt-inside-inner-col > .kb-image132_d68701-85 .kb-image-is-ratio-size{align-self:unset;}.kb-image132_d68701-85 figure{max-width:204px;}.kb-image132_d68701-85 .image-is-svg, .kb-image132_d68701-85 .image-is-svg img{width:100%;}.kb-image132_d68701-85 .kb-image-has-overlay:after{opacity:0.3;}<\/style>\n<div class=\"wp-block-kadence-image kb-image132_d68701-85\"><figure class=\"alignright size-large image-is-svg\"><img decoding=\"async\" src=\"https:\/\/gjeltenbrucamping.no\/wp-content\/uploads\/2023\/11\/GjeltenBruCampingIkonFiske.svg\" alt=\"\" class=\"kb-img wp-image-174\"\/><\/figure><\/div>\n<\/div><\/div>\n\n\n<style>.kadence-column132_adcbd0-d8 > .kt-inside-inner-col,.kadence-column132_adcbd0-d8 > .kt-inside-inner-col:before{border-top-left-radius:0px;border-top-right-radius:0px;border-bottom-right-radius:0px;border-bottom-left-radius:0px;}.kadence-column132_adcbd0-d8 > .kt-inside-inner-col{column-gap:var(--global-kb-gap-sm, 1rem);}.kadence-column132_adcbd0-d8 > .kt-inside-inner-col{flex-direction:column;}.kadence-column132_adcbd0-d8 > .kt-inside-inner-col > .aligncenter{width:100%;}.kadence-column132_adcbd0-d8 > .kt-inside-inner-col:before{opacity:0.3;}.kadence-column132_adcbd0-d8{position:relative;}@media all and (max-width: 1024px){.kadence-column132_adcbd0-d8 > .kt-inside-inner-col{flex-direction:column;justify-content:center;}}@media all and (max-width: 767px){.kadence-column132_adcbd0-d8 > .kt-inside-inner-col{padding-right:var(--global-kb-spacing-sm, 1.5rem);padding-left:var(--global-kb-spacing-sm, 1.5rem);flex-direction:column;justify-content:center;}}<\/style>\n<div class=\"wp-block-kadence-column kadence-column132_adcbd0-d8 alignwide\"><div class=\"kt-inside-inner-col\"><style>.kb-row-layout-id132_00a398-79 > .kt-row-column-wrap{align-content:start;}:where(.kb-row-layout-id132_00a398-79 > .kt-row-column-wrap) > .wp-block-kadence-column{justify-content:start;}.kb-row-layout-id132_00a398-79 > .kt-row-column-wrap{column-gap:var(--global-kb-gap-md, 2rem);row-gap:var(--global-kb-gap-md, 2rem);padding-top:var(--global-kb-spacing-sm, 1.5rem);padding-bottom:var(--global-kb-spacing-sm, 1.5rem);grid-template-columns:repeat(2, minmax(0, 1fr));}.kb-row-layout-id132_00a398-79 > .kt-row-layout-overlay{opacity:0.30;}@media all and (max-width: 1024px){.kb-row-layout-id132_00a398-79 > .kt-row-column-wrap{grid-template-columns:repeat(2, minmax(0, 1fr));}}@media all and (max-width: 767px){.kb-row-layout-id132_00a398-79 > .kt-row-column-wrap{grid-template-columns:minmax(0, 1fr);}}<\/style><div class=\"kb-row-layout-wrap kb-row-layout-id132_00a398-79 alignnone wp-block-kadence-rowlayout\"><div class=\"kt-row-column-wrap kt-has-2-columns kt-row-layout-equal kt-tab-layout-inherit kt-mobile-layout-row kt-row-valign-top\">\n<style>.kadence-column132_864fa8-52 > .kt-inside-inner-col,.kadence-column132_864fa8-52 > .kt-inside-inner-col:before{border-top-left-radius:0px;border-top-right-radius:0px;border-bottom-right-radius:0px;border-bottom-left-radius:0px;}.kadence-column132_864fa8-52 > .kt-inside-inner-col{column-gap:var(--global-kb-gap-sm, 1rem);}.kadence-column132_864fa8-52 > .kt-inside-inner-col{flex-direction:column;}.kadence-column132_864fa8-52 > .kt-inside-inner-col > .aligncenter{width:100%;}.kadence-column132_864fa8-52 > .kt-inside-inner-col:before{opacity:0.3;}.kadence-column132_864fa8-52{position:relative;}@media all and (max-width: 1024px){.kadence-column132_864fa8-52 > .kt-inside-inner-col{flex-direction:column;justify-content:center;}}@media all and (max-width: 767px){.kadence-column132_864fa8-52 > .kt-inside-inner-col{flex-direction:column;justify-content:center;}}<\/style>\n<div class=\"wp-block-kadence-column kadence-column132_864fa8-52\"><div class=\"kt-inside-inner-col\"><style>.wp-block-kadence-advancedheading.kt-adv-heading132_df3b77-9e, .wp-block-kadence-advancedheading.kt-adv-heading132_df3b77-9e[data-kb-block=\"kb-adv-heading132_df3b77-9e\"]{font-size:3rem;font-style:normal;}.wp-block-kadence-advancedheading.kt-adv-heading132_df3b77-9e mark.kt-highlight, .wp-block-kadence-advancedheading.kt-adv-heading132_df3b77-9e[data-kb-block=\"kb-adv-heading132_df3b77-9e\"] mark.kt-highlight{font-style:normal;color:#f76a0c;-webkit-box-decoration-break:clone;box-decoration-break:clone;padding-top:0px;padding-right:0px;padding-bottom:0px;padding-left:0px;}.wp-block-kadence-advancedheading.kt-adv-heading132_df3b77-9e img.kb-inline-image, .wp-block-kadence-advancedheading.kt-adv-heading132_df3b77-9e[data-kb-block=\"kb-adv-heading132_df3b77-9e\"] img.kb-inline-image{width:150px;vertical-align:baseline;}<\/style>\n<h1 class=\"kt-adv-heading132_df3b77-9e wp-block-kadence-advancedheading\" data-kb-block=\"kb-adv-heading132_df3b77-9e\">About us<\/h1>\n\n\n<style>.wp-block-kadence-advancedheading.kt-adv-heading132_6e3db1-38, .wp-block-kadence-advancedheading.kt-adv-heading132_6e3db1-38[data-kb-block=\"kb-adv-heading132_6e3db1-38\"]{font-size:1.3rem;font-style:normal;}.wp-block-kadence-advancedheading.kt-adv-heading132_6e3db1-38 mark.kt-highlight, .wp-block-kadence-advancedheading.kt-adv-heading132_6e3db1-38[data-kb-block=\"kb-adv-heading132_6e3db1-38\"] mark.kt-highlight{font-style:normal;color:#f76a0c;-webkit-box-decoration-break:clone;box-decoration-break:clone;padding-top:0px;padding-right:0px;padding-bottom:0px;padding-left:0px;}.wp-block-kadence-advancedheading.kt-adv-heading132_6e3db1-38 img.kb-inline-image, .wp-block-kadence-advancedheading.kt-adv-heading132_6e3db1-38[data-kb-block=\"kb-adv-heading132_6e3db1-38\"] img.kb-inline-image{width:150px;vertical-align:baseline;}<\/style>\n<p class=\"kt-adv-heading132_6e3db1-38 wp-block-kadence-advancedheading\" data-kb-block=\"kb-adv-heading132_6e3db1-38\">Gjelten Bru Camping is idyllically situated by the Folla River in Alvdal. A peaceful and family-friendly campsite with a long history.  <\/p>\n\n\n<style>.wp-block-kadence-advancedheading.kt-adv-heading132_cd4ead-ed, .wp-block-kadence-advancedheading.kt-adv-heading132_cd4ead-ed[data-kb-block=\"kb-adv-heading132_cd4ead-ed\"]{font-style:normal;}.wp-block-kadence-advancedheading.kt-adv-heading132_cd4ead-ed mark.kt-highlight, .wp-block-kadence-advancedheading.kt-adv-heading132_cd4ead-ed[data-kb-block=\"kb-adv-heading132_cd4ead-ed\"] mark.kt-highlight{font-style:normal;color:#f76a0c;-webkit-box-decoration-break:clone;box-decoration-break:clone;padding-top:0px;padding-right:0px;padding-bottom:0px;padding-left:0px;}.wp-block-kadence-advancedheading.kt-adv-heading132_cd4ead-ed img.kb-inline-image, .wp-block-kadence-advancedheading.kt-adv-heading132_cd4ead-ed[data-kb-block=\"kb-adv-heading132_cd4ead-ed\"] img.kb-inline-image{width:150px;vertical-align:baseline;}<\/style>\n<p class=\"kt-adv-heading132_cd4ead-ed wp-block-kadence-advancedheading\" data-kb-block=\"kb-adv-heading132_cd4ead-ed\">The Alvdal Tourist Association started the camping in 1959, but at that time, there were only tent pitches.<\/p>\n\n\n<style>.wp-block-kadence-advancedheading.kt-adv-heading132_9a8749-86, .wp-block-kadence-advancedheading.kt-adv-heading132_9a8749-86[data-kb-block=\"kb-adv-heading132_9a8749-86\"]{font-style:normal;}.wp-block-kadence-advancedheading.kt-adv-heading132_9a8749-86 mark.kt-highlight, .wp-block-kadence-advancedheading.kt-adv-heading132_9a8749-86[data-kb-block=\"kb-adv-heading132_9a8749-86\"] mark.kt-highlight{font-style:normal;color:#f76a0c;-webkit-box-decoration-break:clone;box-decoration-break:clone;padding-top:0px;padding-right:0px;padding-bottom:0px;padding-left:0px;}.wp-block-kadence-advancedheading.kt-adv-heading132_9a8749-86 img.kb-inline-image, .wp-block-kadence-advancedheading.kt-adv-heading132_9a8749-86[data-kb-block=\"kb-adv-heading132_9a8749-86\"] img.kb-inline-image{width:150px;vertical-align:baseline;}<\/style>\n<p class=\"kt-adv-heading132_9a8749-86 wp-block-kadence-advancedheading\" data-kb-block=\"kb-adv-heading132_9a8749-86\">Nils D\u00e6hlie managed the camping from 1962, along with his grocery store on the other side of the Folla River. He eventually added 11 cabins and a sanitary facility.  <\/p>\n\n\n<style>.wp-block-kadence-advancedheading.kt-adv-heading132_745758-93, .wp-block-kadence-advancedheading.kt-adv-heading132_745758-93[data-kb-block=\"kb-adv-heading132_745758-93\"]{font-style:normal;}.wp-block-kadence-advancedheading.kt-adv-heading132_745758-93 mark.kt-highlight, .wp-block-kadence-advancedheading.kt-adv-heading132_745758-93[data-kb-block=\"kb-adv-heading132_745758-93\"] mark.kt-highlight{font-style:normal;color:#f76a0c;-webkit-box-decoration-break:clone;box-decoration-break:clone;padding-top:0px;padding-right:0px;padding-bottom:0px;padding-left:0px;}.wp-block-kadence-advancedheading.kt-adv-heading132_745758-93 img.kb-inline-image, .wp-block-kadence-advancedheading.kt-adv-heading132_745758-93[data-kb-block=\"kb-adv-heading132_745758-93\"] img.kb-inline-image{width:150px;vertical-align:baseline;}<\/style>\n<p class=\"kt-adv-heading132_745758-93 wp-block-kadence-advancedheading\" data-kb-block=\"kb-adv-heading132_745758-93\">Oddbj\u00f8rn D\u00e6hlie took over the camping from his father, Nils, in 1992 and renovated the campground with additional cabins and a new sanitary facility.<\/p>\n\n\n<style>.wp-block-kadence-advancedheading.kt-adv-heading132_8b56e7-df, .wp-block-kadence-advancedheading.kt-adv-heading132_8b56e7-df[data-kb-block=\"kb-adv-heading132_8b56e7-df\"]{font-style:normal;}.wp-block-kadence-advancedheading.kt-adv-heading132_8b56e7-df mark.kt-highlight, .wp-block-kadence-advancedheading.kt-adv-heading132_8b56e7-df[data-kb-block=\"kb-adv-heading132_8b56e7-df\"] mark.kt-highlight{font-style:normal;color:#f76a0c;-webkit-box-decoration-break:clone;box-decoration-break:clone;padding-top:0px;padding-right:0px;padding-bottom:0px;padding-left:0px;}.wp-block-kadence-advancedheading.kt-adv-heading132_8b56e7-df img.kb-inline-image, .wp-block-kadence-advancedheading.kt-adv-heading132_8b56e7-df[data-kb-block=\"kb-adv-heading132_8b56e7-df\"] img.kb-inline-image{width:150px;vertical-align:baseline;}<\/style>\n<p class=\"kt-adv-heading132_8b56e7-df wp-block-kadence-advancedheading\" data-kb-block=\"kb-adv-heading132_8b56e7-df\">The area where the campground is located has always belonged to Tver\u00e5en and has been leased to both the Tourist Association and the D\u00e6hlie family for decades. Anders Tver\u00e5en took over the camping in 2020 when D\u00e6hlie retired.  <\/p>\n<\/div><\/div>\n\n\n<style>.kadence-column132_86d5b8-9d > .kt-inside-inner-col,.kadence-column132_86d5b8-9d > .kt-inside-inner-col:before{border-top-left-radius:0px;border-top-right-radius:0px;border-bottom-right-radius:0px;border-bottom-left-radius:0px;}.kadence-column132_86d5b8-9d > .kt-inside-inner-col{column-gap:var(--global-kb-gap-sm, 1rem);}.kadence-column132_86d5b8-9d > .kt-inside-inner-col{flex-direction:column;}.kadence-column132_86d5b8-9d > .kt-inside-inner-col > .aligncenter{width:100%;}.kadence-column132_86d5b8-9d > .kt-inside-inner-col:before{opacity:0.3;}.kadence-column132_86d5b8-9d{position:relative;}@media all and (max-width: 1024px){.kadence-column132_86d5b8-9d > .kt-inside-inner-col{flex-direction:column;justify-content:center;}}@media all and (max-width: 767px){.kadence-column132_86d5b8-9d > .kt-inside-inner-col{flex-direction:column;justify-content:center;}}<\/style>\n<div class=\"wp-block-kadence-column kadence-column132_86d5b8-9d\"><div class=\"kt-inside-inner-col\"><style>.kadence-column132_36ac9f-86 > .kt-inside-inner-col,.kadence-column132_36ac9f-86 > .kt-inside-inner-col:before{border-top-left-radius:0px;border-top-right-radius:0px;border-bottom-right-radius:0px;border-bottom-left-radius:0px;}.kadence-column132_36ac9f-86 > .kt-inside-inner-col{column-gap:var(--global-kb-gap-sm, 1rem);}.kadence-column132_36ac9f-86 > .kt-inside-inner-col{flex-direction:column;}.kadence-column132_36ac9f-86 > .kt-inside-inner-col > .aligncenter{width:100%;}.kadence-column132_36ac9f-86 > .kt-inside-inner-col:before{opacity:0.3;}.kadence-column132_36ac9f-86{position:relative;}@media all and (max-width: 1024px){.kadence-column132_36ac9f-86 > .kt-inside-inner-col{flex-direction:column;justify-content:center;}}@media all and (max-width: 767px){.kadence-column132_36ac9f-86 > .kt-inside-inner-col{flex-direction:column;justify-content:center;}}<\/style>\n<div class=\"wp-block-kadence-column kadence-column132_36ac9f-86\"><div class=\"kt-inside-inner-col\">\n<div style=\"height:50px\" aria-hidden=\"true\" class=\"wp-block-spacer\"><\/div>\n\n\n<style>.kb-gallery-id-132_3083e8-d0 .kadence-blocks-gallery-item .kb-gal-image-radius, .kb-gallery-id-132_3083e8-d0 .kb-slide-item .kb-gal-image-radius img{border-radius:0px 0px 0px 0px;;}.kb-gallery-id-132_3083e8-d0 .kadence-blocks-gallery-item .kadence-blocks-gallery-item-inner .kadence-blocks-gallery-item__caption{color:#27292d;}.kb-gallery-caption-style-cover-hover.kb-gallery-id-132_3083e8-d0 .kadence-blocks-gallery-item .kadence-blocks-gallery-item-inner .kadence-blocks-gallery-item__caption, .kb-gallery-caption-style-below.kb-gallery-id-132_3083e8-d0 .kadence-blocks-gallery-item .kadence-blocks-gallery-item-inner .kadence-blocks-gallery-item__caption{background:rgba(255, 255, 255, 0.5);}.kb-gallery-wrap-id-132_3083e8-d0.wp-block-kadence-advancedgallery{overflow:visible;}.kb-gallery-wrap-id-132_3083e8-d0.wp-block-kadence-advancedgallery .kt-blocks-carousel{overflow:visible;}<\/style><div class=\"kb-gallery-wrap-id-132_3083e8-d0 alignnone wp-block-kadence-advancedgallery\"><div class=\"kb-gallery-ul kb-gallery-non-static kb-gallery-type-slider kb-gallery-id-132_3083e8-d0 kb-gallery-caption-style-below kb-gallery-filter-none\" data-image-filter=\"none\" data-lightbox-caption=\"true\"><div class=\"kt-blocks-carousel splide kt-carousel-container-dotstyle-dark kt-carousel-arrowstyle-whiteondark kt-carousel-dotstyle-dark kb-slider-group-arrow kb-slider-arrow-position-center\" data-slider-anim-speed=\"400\" data-slider-scroll=\"1\" data-slider-arrows=\"true\" data-slider-fade=\"true\" data-slider-dots=\"true\" data-slider-type=\"slider\" data-slider-hover-pause=\"false\" data-slider-auto=\"\" data-slider-speed=\"7000\" data-show-pause-button=\"false\"><div class=\"splide__track\"><ul class=\"kt-blocks-carousel-init kb-blocks-slider splide__list\"><li class=\"kb-slide-item kb-gallery-slide-item splide__slide\"><div class=\"kadence-blocks-gallery-item\"><div class=\"kadence-blocks-gallery-item-inner\"><figure class=\"kb-gallery-figure kadence-blocks-gallery-item-has-caption\"><div class=\"kb-gal-image-radius\"><div class=\"kb-gallery-image-contain kadence-blocks-gallery-intrinsic kb-gallery-image-ratio-land32 kb-has-image-ratio-land32\" ><img loading=\"lazy\" decoding=\"async\" src=\"https:\/\/gjeltenbrucamping.no\/wp-content\/uploads\/2023\/10\/0331vy8Wkqzb.jpeg\" width=\"766\" height=\"534\" alt=\"\" data-full-image=\"https:\/\/gjeltenbrucamping.no\/wp-content\/uploads\/2023\/10\/0331vy8Wkqzb.jpeg\" data-light-image=\"https:\/\/gjeltenbrucamping.no\/wp-content\/uploads\/2023\/10\/0331vy8Wkqzb.jpeg\" data-id=\"38\" class=\"wp-image-38 skip-lazy\" srcset=\"https:\/\/gjeltenbrucamping.no\/wp-content\/uploads\/2023\/10\/0331vy8Wkqzb.jpeg 766w, https:\/\/gjeltenbrucamping.no\/wp-content\/uploads\/2023\/10\/0331vy8Wkqzb-300x209.jpeg 300w\" sizes=\"auto, (max-width: 766px) 100vw, 766px\" \/><\/div><\/div><figcaption class=\"kadence-blocks-gallery-item__caption\">Fotograf: Nyeggen<\/figcaption><\/figure><\/div><\/div><\/li><li class=\"kb-slide-item kb-gallery-slide-item splide__slide\"><div class=\"kadence-blocks-gallery-item\"><div class=\"kadence-blocks-gallery-item-inner\"><figure class=\"kb-gallery-figure kadence-blocks-gallery-item-has-caption\"><div class=\"kb-gal-image-radius\"><div class=\"kb-gallery-image-contain kadence-blocks-gallery-intrinsic kb-gallery-image-ratio-land32 kb-has-image-ratio-land32\" ><img loading=\"lazy\" decoding=\"async\" src=\"https:\/\/gjeltenbrucamping.no\/wp-content\/uploads\/2023\/10\/Screenshot_20230919_121116_Gallery-1024x678.jpg\" width=\"1024\" height=\"678\" alt=\"\" data-full-image=\"https:\/\/gjeltenbrucamping.no\/wp-content\/uploads\/2023\/10\/Screenshot_20230919_121116_Gallery.jpg\" data-light-image=\"https:\/\/gjeltenbrucamping.no\/wp-content\/uploads\/2023\/10\/Screenshot_20230919_121116_Gallery.jpg\" data-id=\"50\" class=\"wp-image-50 skip-lazy\" srcset=\"https:\/\/gjeltenbrucamping.no\/wp-content\/uploads\/2023\/10\/Screenshot_20230919_121116_Gallery-1024x678.jpg 1024w, https:\/\/gjeltenbrucamping.no\/wp-content\/uploads\/2023\/10\/Screenshot_20230919_121116_Gallery-300x199.jpg 300w, https:\/\/gjeltenbrucamping.no\/wp-content\/uploads\/2023\/10\/Screenshot_20230919_121116_Gallery-768x509.jpg 768w, https:\/\/gjeltenbrucamping.no\/wp-content\/uploads\/2023\/10\/Screenshot_20230919_121116_Gallery-1536x1017.jpg 1536w, https:\/\/gjeltenbrucamping.no\/wp-content\/uploads\/2023\/10\/Screenshot_20230919_121116_Gallery.jpg 1620w\" sizes=\"auto, (max-width: 1024px) 100vw, 1024px\" \/><\/div><\/div><figcaption class=\"kadence-blocks-gallery-item__caption\">Fotograf: Nyeggen<\/figcaption><\/figure><\/div><\/div><\/li><\/ul><\/div><\/div><\/div><\/div><\/div><\/div>\n<\/div><\/div>\n\n<\/div><\/div><\/div><\/div>\n\n\n<style>.kadence-column132_c9faca-63 > .kt-inside-inner-col{padding-top:var(--global-kb-spacing-md, 2rem);}.kadence-column132_c9faca-63 > .kt-inside-inner-col,.kadence-column132_c9faca-63 > .kt-inside-inner-col:before{border-top-left-radius:0px;border-top-right-radius:0px;border-bottom-right-radius:0px;border-bottom-left-radius:0px;}.kadence-column132_c9faca-63 > .kt-inside-inner-col{column-gap:var(--global-kb-gap-sm, 1rem);}.kadence-column132_c9faca-63 > .kt-inside-inner-col{flex-direction:column;}.kadence-column132_c9faca-63 > .kt-inside-inner-col > .aligncenter{width:100%;}.kadence-column132_c9faca-63 > .kt-inside-inner-col:before{opacity:0.3;}.kadence-column132_c9faca-63{position:relative;}@media all and (max-width: 1024px){.kadence-column132_c9faca-63 > .kt-inside-inner-col{flex-direction:column;justify-content:center;}}@media all and (max-width: 767px){.kadence-column132_c9faca-63 > .kt-inside-inner-col{padding-left:var(--global-kb-spacing-sm, 1.5rem);flex-direction:column;justify-content:center;}}<\/style>\n<div class=\"wp-block-kadence-column kadence-column132_c9faca-63 alignwide\"><div class=\"kt-inside-inner-col\"><style>.kb-image132_fe025f-cf.kb-image-is-ratio-size, .kb-image132_fe025f-cf .kb-image-is-ratio-size{max-width:60px;width:100%;}.wp-block-kadence-column > .kt-inside-inner-col > .kb-image132_fe025f-cf.kb-image-is-ratio-size, .wp-block-kadence-column > .kt-inside-inner-col > .kb-image132_fe025f-cf .kb-image-is-ratio-size{align-self:unset;}.kb-image132_fe025f-cf{max-width:60px;}.image-is-svg.kb-image132_fe025f-cf{-webkit-flex:0 1 100%;flex:0 1 100%;}.image-is-svg.kb-image132_fe025f-cf img{width:100%;}.kb-image132_fe025f-cf .kb-image-has-overlay:after{opacity:0.3;}<\/style>\n<figure class=\"wp-block-kadence-image kb-image132_fe025f-cf size-large image-is-svg\"><img decoding=\"async\" src=\"https:\/\/gjeltenbrucamping.no\/wp-content\/uploads\/2023\/11\/GjeltenBruCampingIkonTre.svg\" alt=\"\" class=\"kb-img wp-image-180\"\/><\/figure>\n<\/div><\/div>\n","protected":false},"excerpt":{"rendered":"<p>About us Gjelten Bru Camping is idyllically situated by the Folla River in Alvdal. A peaceful and family-friendly campsite with a long history. The Alvdal Tourist Association started the camping in 1959, but at that time, there were only tent pitches. Nils D\u00e6hlie managed the camping from 1962, along with his grocery store on the&#8230;<\/p>\n","protected":false},"author":1,"featured_media":0,"parent":0,"menu_order":0,"comment_status":"closed","ping_status":"closed","template":"","meta":{"inline_featured_image":false,"_kad_blocks_custom_css":"","_kad_blocks_head_custom_js":"","_kad_blocks_body_custom_js":"","_kad_blocks_footer_custom_js":"","_kad_post_transparent":"","_kad_post_title":"","_kad_post_layout":"","_kad_post_sidebar_id":"","_kad_post_content_style":"","_kad_post_vertical_padding":"","_kad_post_feature":"","_kad_post_feature_position":"","_kad_post_header":false,"_kad_post_footer":false,"_kad_post_classname":"","footnotes":""},"class_list":["post-132","page","type-page","status-publish","hentry"],"aioseo_notices":[],"taxonomy_info":[],"featured_image_src_large":false,"author_info":{"display_name":"hausbyra","author_link":"https:\/\/gjeltenbrucamping.no\/en\/author\/hausbyra\/"},"comment_info":0,"_links":{"self":[{"href":"https:\/\/gjeltenbrucamping.no\/en\/wp-json\/wp\/v2\/pages\/132","targetHints":{"allow":["GET"]}}],"collection":[{"href":"https:\/\/gjeltenbrucamping.no\/en\/wp-json\/wp\/v2\/pages"}],"about":[{"href":"https:\/\/gjeltenbrucamping.no\/en\/wp-json\/wp\/v2\/types\/page"}],"author":[{"embeddable":true,"href":"https:\/\/gjeltenbrucamping.no\/en\/wp-json\/wp\/v2\/users\/1"}],"replies":[{"embeddable":true,"href":"https:\/\/gjeltenbrucamping.no\/en\/wp-json\/wp\/v2\/comments?post=132"}],"version-history":[{"count":4,"href":"https:\/\/gjeltenbrucamping.no\/en\/wp-json\/wp\/v2\/pages\/132\/revisions"}],"predecessor-version":[{"id":452,"href":"https:\/\/gjeltenbrucamping.no\/en\/wp-json\/wp\/v2\/pages\/132\/revisions\/452"}],"wp:attachment":[{"href":"https:\/\/gjeltenbrucamping.no\/en\/wp-json\/wp\/v2\/media?parent=132"}],"curies":[{"name":"wp","href":"https:\/\/api.w.org\/{rel}","templated":true}]}}